{"id":1258,"date":"2018-06-11T19:47:13","date_gmt":"2018-06-11T19:47:13","guid":{"rendered":"http:\/\/eurols.com\/service\/"},"modified":"2020-02-05T15:31:30","modified_gmt":"2020-02-05T15:31:30","slug":"service","status":"publish","type":"page","link":"https:\/\/eurols.com\/fr\/service\/","title":{"rendered":"Service"},"content":{"rendered":"[mk_page_section bg_image=\u00a0\u00bbhttp:\/\/eurols.com\/wp-content\/uploads\/2018\/05\/slide-service.jpg\u00a0\u00bb bg_position=\u00a0\u00bbcenter center\u00a0\u00bb bg_repeat=\u00a0\u00bbno-repeat\u00a0\u00bb bg_stretch=\u00a0\u00bbtrue\u00a0\u00bb min_height=\u00a0\u00bb450&Prime; sidebar=\u00a0\u00bbsidebar-1&Prime;][vc_column][\/vc_column][\/mk_page_section][vc_row][vc_column][mk_padding_divider size=\u00a0\u00bb120&Prime;][\/vc_column][\/vc_row][vc_row][vc_column][mk_fancy_title color=\u00a0\u00bb#e2032f\u00a0\u00bb size=\u00a0\u00bb60&Prime; font_weight=\u00a0\u00bbbold\u00a0\u00bb txt_transform=\u00a0\u00bbcapitalize\u00a0\u00bb margin_bottom=\u00a0\u00bb0&Prime; font_family=\u00a0\u00bbLato\u00a0\u00bb font_type=\u00a0\u00bbgoogle\u00a0\u00bb align=\u00a0\u00bbcenter\u00a0\u00bb]Service[\/mk_fancy_title][mk_divider style=\u00a0\u00bbthin_solid\u00a0\u00bb divider_width=\u00a0\u00bbcustom_width\u00a0\u00bb custom_width=\u00a0\u00bb110&Prime; thin_single_color=\u00a0\u00bb#e2032f\u00a0\u00bb thickness=\u00a0\u00bb3&Prime; margin_top=\u00a0\u00bb10&Prime; margin_bottom=\u00a0\u00bb60&Prime;][vc_row_inner][vc_column_inner][vc_column_text disable_pattern=\u00a0\u00bbfalse\u00a0\u00bb css=\u00a0\u00bb.vc_custom_1528492160892{margin-bottom: 0px !important;}\u00a0\u00bb]\n<p style=\"text-align: center; font-size: 22px; line-height: 1.30em; color: #999999;\">En entreprise ou sur la route, Euro L.S. est en mesure de r\u00e9soudre tout probl\u00e8me m\u00e9canique, hydraulique ou \u00e9lectrique. Dans la majorit\u00e9 des cas, les appels de service sont trait\u00e9s sur place. Euro L.S. poss\u00e8de une flotte de v\u00e9hicules de service tout \u00e9quip\u00e9 assurant un service rapide et efficace . Pour les plus grosses r\u00e9parations, Euro L.S. est enti\u00e8rement \u00e9quip\u00e9 pour effectuer l&rsquo;entretien en entreprise. Des unit\u00e9s de remplacement sont toujours disponibles en location, si vous en avez besoin pendant la r\u00e9paration de votre \u00e9quipement. Euro L.S. offre \u00e9galement des programmes d&rsquo;entretien pr\u00e9ventif pour votre \u00e9quipement de manutention. En se basant sur l&rsquo;utilisation de votre \u00e9quipement, nos techniciens vous proposeront un programme d&rsquo;entretien mensuel, bimensuel ou trimestriel en fonction de vos besoins. Euro L.S. est \u00e9galement certifi\u00e9 par le Gouvernement du Qu\u00e9bec et la CNESST pour l&rsquo;inspection des gaz d&rsquo;\u00e9chappement (5).<\/p>\n<p style=\"text-align: center; font-size: 22px; line-height: 1.30em; color: #999999;\"><em>Veuillez communiquer avec Maxime Benoit au (514) 554-7724 pour toutes vos questions ou demandes.<\/em><\/p>\n[\/vc_column_text][\/vc_column_inner][\/vc_row_inner][\/vc_column][\/vc_row][vc_row][vc_column][mk_padding_divider][\/vc_column][\/vc_row][vc_row][vc_column width=\u00a0\u00bb1\/3&Prime;][mk_custom_box padding_vertical=\u00a0\u00bb10&Prime; padding_horizental=\u00a0\u00bb10&Prime; el_class=\u00a0\u00bbfr-boxes\u00a0\u00bb bg_color=\u00a0\u00bb#e2032f\u00a0\u00bb background_hov_color_style=\u00a0\u00bbimage\u00a0\u00bb bg_hov_color=\u00a0\u00bb#959aa6&Prime; bg_stretch=\u00a0\u00bbfalse\u00a0\u00bb][mk_image src=\u00a0\u00bbhttp:\/\/eurols.com\/wp-content\/uploads\/2018\/05\/box-rental.jpg\u00a0\u00bb image_size=\u00a0\u00bbfull\u00a0\u00bb align=\u00a0\u00bbcenter\u00a0\u00bb margin_bottom=\u00a0\u00bb30&Prime;][mk_fancy_title tag_name=\u00a0\u00bbh5&Prime; color=\u00a0\u00bb#ffffff\u00a0\u00bb size=\u00a0\u00bb18&Prime; font_weight=\u00a0\u00bbbold\u00a0\u00bb txt_transform=\u00a0\u00bbuppercase\u00a0\u00bb margin_bottom=\u00a0\u00bb0&Prime; font_family=\u00a0\u00bbLato\u00a0\u00bb font_type=\u00a0\u00bbgoogle\u00a0\u00bb align=\u00a0\u00bbcenter\u00a0\u00bb]LOCATION[\/mk_fancy_title][vc_column_text align=\u00a0\u00bbcenter\u00a0\u00bb css=\u00a0\u00bb.vc_custom_1518634463603{margin-bottom: 0px !important;}\u00a0\u00bb]<span style=\"color: #ffffff;\">Avec plus de 150 unit\u00e9s en location, Euro L.S. poss\u00e8de un des stocks les plus importants de chariots \u00e9l\u00e9vateurs en location dans la grande r\u00e9gion de Montr\u00e9al : chariots \u00e9lectriques, GPL, di\u00e9sel&#8230;<\/span>[\/vc_column_text][mk_button dimension=\u00a0\u00bbflat\u00a0\u00bb size=\u00a0\u00bbmedium\u00a0\u00bb url=\u00a0\u00bb\/rentals\/\u00a0\u00bb align=\u00a0\u00bbcenter\u00a0\u00bb bg_color=\u00a0\u00bb#ffffff\u00a0\u00bb btn_hover_bg=\u00a0\u00bb#ffffff\u00a0\u00bb text_color=\u00a0\u00bbdark\u00a0\u00bb btn_hover_txt_color=\u00a0\u00bb#ed4622&Prime;]DETAILS[\/mk_button][\/mk_custom_box][\/vc_column][vc_column width=\u00a0\u00bb1\/3&Prime;][mk_custom_box padding_vertical=\u00a0\u00bb10&Prime; padding_horizental=\u00a0\u00bb10&Prime; el_class=\u00a0\u00bbfr-boxes\u00a0\u00bb bg_color=\u00a0\u00bb#e2032f\u00a0\u00bb background_hov_color_style=\u00a0\u00bbimage\u00a0\u00bb bg_hov_color=\u00a0\u00bb#959aa6&Prime; bg_stretch=\u00a0\u00bbfalse\u00a0\u00bb][mk_image src=\u00a0\u00bbhttp:\/\/eurols.com\/wp-content\/uploads\/2018\/06\/parts-head-1.jpg\u00a0\u00bb image_size=\u00a0\u00bbfull\u00a0\u00bb align=\u00a0\u00bbcenter\u00a0\u00bb margin_bottom=\u00a0\u00bb30&Prime;][mk_fancy_title tag_name=\u00a0\u00bbh5&Prime; color=\u00a0\u00bb#ffffff\u00a0\u00bb size=\u00a0\u00bb18&Prime; font_weight=\u00a0\u00bbbold\u00a0\u00bb txt_transform=\u00a0\u00bbuppercase\u00a0\u00bb margin_bottom=\u00a0\u00bb0&Prime; font_family=\u00a0\u00bbLato\u00a0\u00bb font_type=\u00a0\u00bbgoogle\u00a0\u00bb align=\u00a0\u00bbcenter\u00a0\u00bb]PI\u00c8CES[\/mk_fancy_title][vc_column_text align=\u00a0\u00bbcenter\u00a0\u00bb css=\u00a0\u00bb.vc_custom_1518634482979{margin-bottom: 0px !important;}\u00a0\u00bb]<span style=\"color: #ffffff;\">Nous offrons des prix comp\u00e9titifs sur les pi\u00e8ces de rechange. Des pi\u00e8ces originales, r\u00e9usin\u00e9es et usag\u00e9es sont disponibles. Toutes les marques, tous les mod\u00e8les&#8230;<\/span>[\/vc_column_text][mk_button dimension=\u00a0\u00bbflat\u00a0\u00bb size=\u00a0\u00bbmedium\u00a0\u00bb url=\u00a0\u00bb\/parts\/\u00a0\u00bb align=\u00a0\u00bbcenter\u00a0\u00bb bg_color=\u00a0\u00bb#ffffff\u00a0\u00bb btn_hover_bg=\u00a0\u00bb#ffffff\u00a0\u00bb text_color=\u00a0\u00bbdark\u00a0\u00bb btn_hover_txt_color=\u00a0\u00bb#ed4622&Prime;]DETAILS[\/mk_button][\/mk_custom_box][\/vc_column][vc_column width=\u00a0\u00bb1\/3&Prime;][mk_custom_box padding_vertical=\u00a0\u00bb10&Prime; padding_horizental=\u00a0\u00bb10&Prime; el_class=\u00a0\u00bbfr-boxes\u00a0\u00bb bg_color=\u00a0\u00bb#e2032f\u00a0\u00bb background_hov_color_style=\u00a0\u00bbimage\u00a0\u00bb bg_hov_color=\u00a0\u00bb#959aa6&Prime; bg_stretch=\u00a0\u00bbfalse\u00a0\u00bb][mk_image src=\u00a0\u00bbhttp:\/\/eurols.com\/wp-content\/uploads\/2018\/02\/sales.jpg\u00a0\u00bb image_size=\u00a0\u00bbfull\u00a0\u00bb align=\u00a0\u00bbcenter\u00a0\u00bb margin_bottom=\u00a0\u00bb30&Prime;][mk_fancy_title tag_name=\u00a0\u00bbh5&Prime; color=\u00a0\u00bb#ffffff\u00a0\u00bb size=\u00a0\u00bb18&Prime; font_weight=\u00a0\u00bbbold\u00a0\u00bb txt_transform=\u00a0\u00bbuppercase\u00a0\u00bb margin_bottom=\u00a0\u00bb0&Prime; font_family=\u00a0\u00bbLato\u00a0\u00bb font_type=\u00a0\u00bbgoogle\u00a0\u00bb align=\u00a0\u00bbcenter\u00a0\u00bb]VENTES[\/mk_fancy_title][vc_column_text align=\u00a0\u00bbcenter\u00a0\u00bb css=\u00a0\u00bb.vc_custom_1518634496134{margin-bottom: 0px !important;}\u00a0\u00bb]<span style=\"color: #ffffff;\">Vous cherchez de l&rsquo;\u00e9quipement de manutention neuf, usag\u00e9 ou r\u00e9usin\u00e9? N&rsquo;allez pas plus loin : Euro L.S. peut r\u00e9pondre \u00e0 tous vos besoins de manutention. Toutes les unit\u00e9s usag\u00e9es sont disponibles!&#8230;<\/span>[\/vc_column_text][mk_button dimension=\u00a0\u00bbflat\u00a0\u00bb size=\u00a0\u00bbmedium\u00a0\u00bb url=\u00a0\u00bb\/sales\/\u00a0\u00bb align=\u00a0\u00bbcenter\u00a0\u00bb bg_color=\u00a0\u00bb#ffffff\u00a0\u00bb btn_hover_bg=\u00a0\u00bb#ffffff\u00a0\u00bb text_color=\u00a0\u00bbdark\u00a0\u00bb btn_hover_txt_color=\u00a0\u00bb#ed4622&Prime;]DETAILS[\/mk_button][\/mk_custom_box][\/vc_column][\/vc_row][vc_row][vc_column][mk_padding_divider size=\u00a0\u00bb140&Prime;][\/vc_column][\/vc_row][mk_page_section bg_image=\u00a0\u00bbhttp:\/\/eurols.com\/wp-content\/uploads\/2017\/12\/93852-c3768044.w1900.jpg\u00a0\u00bb bg_color=\u00a0\u00bb#e2032f\u00a0\u00bb blend_mode=\u00a0\u00bbmultiply\u00a0\u00bb bg_position=\u00a0\u00bbcenter center\u00a0\u00bb bg_repeat=\u00a0\u00bbno-repeat\u00a0\u00bb bg_stretch=\u00a0\u00bbtrue\u00a0\u00bb video_opacity=\u00a0\u00bb0.9&Prime; min_height=\u00a0\u00bb0&Prime; padding_top=\u00a0\u00bb60&Prime; padding_bottom=\u00a0\u00bb90&Prime; has_top_shape_divider=\u00a0\u00bbtrue\u00a0\u00bb top_shape_color=\u00a0\u00bb#ffffff\u00a0\u00bb top_shape_bg_color=\u00a0\u00bbrgba(0,0,0,0.01)\u00a0\u00bb has_bottom_shape_divider=\u00a0\u00bbtrue\u00a0\u00bb bottom_shape_color=\u00a0\u00bb#ffffff\u00a0\u00bb bottom_shape_bg_color=\u00a0\u00bbrgba(255,255,255,0.01)\u00a0\u00bb sidebar=\u00a0\u00bbsidebar-1&Prime;][vc_column][mk_fancy_title color=\u00a0\u00bb#ffffff\u00a0\u00bb size=\u00a0\u00bb40&Prime; force_font_size=\u00a0\u00bbtrue\u00a0\u00bb size_phone=\u00a0\u00bb30&Prime; font_weight=\u00a0\u00bb400&Prime; txt_transform=\u00a0\u00bbcapitalize\u00a0\u00bb margin_bottom=\u00a0\u00bb0&Prime; font_family=\u00a0\u00bbLato\u00a0\u00bb font_type=\u00a0\u00bbgoogle\u00a0\u00bb align=\u00a0\u00bbcenter\u00a0\u00bb]Partenariats[\/mk_fancy_title][mk_divider style=\u00a0\u00bbthin_solid\u00a0\u00bb divider_width=\u00a0\u00bbcustom_width\u00a0\u00bb custom_width=\u00a0\u00bb110&Prime; thin_single_color=\u00a0\u00bb#ffffff\u00a0\u00bb thickness=\u00a0\u00bb3&Prime; margin_top=\u00a0\u00bb10&Prime; margin_bottom=\u00a0\u00bb60&Prime;][mk_clients count=\u00a0\u00bb-1&Prime; height=\u00a0\u00bb160&Prime; margin_bottom=\u00a0\u00bb10&Prime;][\/vc_column][\/mk_page_section][vc_row][vc_column][mk_padding_divider size=\u00a0\u00bb140&Prime;][\/vc_column][\/vc_row][vc_row][vc_column][mk_fancy_title tag_name=\u00a0\u00bbh1&Prime; color=\u00a0\u00bb#e2032f\u00a0\u00bb size=\u00a0\u00bb40&Prime; font_weight=\u00a0\u00bbbold\u00a0\u00bb txt_transform=\u00a0\u00bbcapitalize\u00a0\u00bb margin_bottom=\u00a0\u00bb0&Prime; font_family=\u00a0\u00bbLato\u00a0\u00bb font_type=\u00a0\u00bbgoogle\u00a0\u00bb align=\u00a0\u00bbcenter\u00a0\u00bb el_class=\u00a0\u00bbno-cap\u00a0\u00bb]Service \u00e0 la client\u00e8le[\/mk_fancy_title][mk_divider style=\u00a0\u00bbthin_solid\u00a0\u00bb divider_width=\u00a0\u00bbcustom_width\u00a0\u00bb custom_width=\u00a0\u00bb110&Prime; thin_single_color=\u00a0\u00bb#e2032f\u00a0\u00bb thickness=\u00a0\u00bb3&Prime; margin_top=\u00a0\u00bb10&Prime; margin_bottom=\u00a0\u00bb60&Prime;][vc_row_inner][vc_column_inner width=\u00a0\u00bb1\/12&Prime;][\/vc_column_inner][vc_column_inner width=\u00a0\u00bb10\/12&Prime;][vc_column_text disable_pattern=\u00a0\u00bbfalse\u00a0\u00bb align=\u00a0\u00bbcenter\u00a0\u00bb css=\u00a0\u00bb.vc_custom_1519231149633{margin-bottom: 0px !important;}\u00a0\u00bb]\n<div style=\"font-size: 16px;\">\n<p><em>\u201cSi nous ne prenons pas soin du client, quelqu&rsquo;un d&rsquo;autre le fera\u201d<\/em><\/p>\n<p>En s&rsquo;inspirant depuis toujours de cette approche, Euro L.S. s&rsquo;est taill\u00e9 une place de chef de file dans l&rsquo;industrie des chariots \u00e9l\u00e9vateurs. Nous sommes profond\u00e9ment convaincus que notre service \u00e0 la client\u00e8le nous distingue de nos comp\u00e9titeurs.<\/p>\n<p>Nous sommes toujours fiers de nos produits, nous respectons nos garanties et nous sommes engag\u00e9s \u00e0 fournir des solutions \u00e0 nos clients.<\/p>\n<\/div>\n[\/vc_column_text][\/vc_column_inner][vc_column_inner width=\u00a0\u00bb1\/12&Prime;][\/vc_column_inner][\/vc_row_inner][mk_padding_divider size=\u00a0\u00bb30&Prime;][mk_gallery images=\u00a0\u00bb1176,1175,1174,1173&Prime; column=\u00a0\u00bb4&Prime; height=\u00a0\u00bb250&Prime; hover_scenarios=\u00a0\u00bbslow_zoom\u00a0\u00bb item_spacing=\u00a0\u00bb30&Prime; margin_bottom=\u00a0\u00bb0&Prime;][\/vc_column][\/vc_row][vc_row][vc_column][mk_padding_divider size=\u00a0\u00bb120&Prime;][\/vc_column][\/vc_row][mk_page_section bg_color=\u00a0\u00bb#e2032f\u00a0\u00bb full_width=\u00a0\u00bbtrue\u00a0\u00bb has_top_shape_divider=\u00a0\u00bbtrue\u00a0\u00bb top_shape_color=\u00a0\u00bb#ffffff\u00a0\u00bb top_shape_bg_color=\u00a0\u00bb#e2032f\u00a0\u00bb bottom_shape_color=\u00a0\u00bb#ffffff\u00a0\u00bb sidebar=\u00a0\u00bbsidebar-1&Prime;][vc_column width=\u00a0\u00bb2\/12&Prime;][\/vc_column][vc_column width=\u00a0\u00bb5\/12&Prime;][mk_padding_divider size=\u00a0\u00bb60&Prime;][mk_fancy_title tag_name=\u00a0\u00bbh3&Prime; color=\u00a0\u00bb#ed4622&Prime; size=\u00a0\u00bb30&Prime; force_font_size=\u00a0\u00bbtrue\u00a0\u00bb size_tablet=\u00a0\u00bb20&Prime; size_phone=\u00a0\u00bb15&Prime; line_height=\u00a0\u00bb90&Prime; font_weight=\u00a0\u00bbbold\u00a0\u00bb txt_transform=\u00a0\u00bbcapitalize\u00a0\u00bb margin_bottom=\u00a0\u00bb0&Prime; font_family=\u00a0\u00bbLato\u00a0\u00bb font_type=\u00a0\u00bbgoogle\u00a0\u00bb align=\u00a0\u00bbcenter\u00a0\u00bb el_class=\u00a0\u00bbno-cap\u00a0\u00bb]<span style=\"color: #fde438;\">Questions?<\/span> <span style=\"color: #ffffff;\">Appelez-nous au : (514) 335-4070<\/span>[\/mk_fancy_title][\/vc_column][vc_column width=\u00a0\u00bb2\/12&Prime;][mk_padding_divider size=\u00a0\u00bb50&Prime;][mk_button dimension=\u00a0\u00bbflat\u00a0\u00bb size=\u00a0\u00bblarge\u00a0\u00bb url=\u00a0\u00bb\/fr\/contact-us\/\u00a0\u00bb margin_right=\u00a0\u00bb0&Prime; bg_color=\u00a0\u00bb#fde438&Prime; text_color=\u00a0\u00bbdark\u00a0\u00bb btn_hover_txt_color=\u00a0\u00bb#ed4622&Prime;]NOUS CONTACTER[\/mk_button][\/vc_column][vc_column width=\u00a0\u00bb3\/12&Prime;][\/vc_column][\/mk_page_section]\n","protected":false},"excerpt":{"rendered":"<p>[mk_page_section bg_image=\u00a0\u00bbhttp:\/\/eurols.com\/wp-content\/uploads\/2018\/05\/slide-service.jpg\u00a0\u00bb bg_position=\u00a0\u00bbcenter center\u00a0\u00bb bg_repeat=\u00a0\u00bbno-repeat\u00a0\u00bb bg_stretch=\u00a0\u00bbtrue\u00a0\u00bb min_height=\u00a0\u00bb450&Prime; sidebar=\u00a0\u00bbsidebar-1&Prime;][vc_column][\/vc_column][\/mk_page_section][vc_row][vc_column][mk_padding_divider size=\u00a0\u00bb120&Prime;][\/vc_column][\/vc_row][vc_row][vc_column][mk_fancy_title color=\u00a0\u00bb#e2032f\u00a0\u00bb size=\u00a0\u00bb60&Prime; font_weight=\u00a0\u00bbbold\u00a0\u00bb txt_transform=\u00a0\u00bbcapitalize\u00a0\u00bb margin_bottom=\u00a0\u00bb0&Prime; font_family=\u00a0\u00bbLato\u00a0\u00bb font_type=\u00a0\u00bbgoogle\u00a0\u00bb align=\u00a0\u00bbcenter\u00a0\u00bb]Service[\/mk_fancy_title][mk_divider style=\u00a0\u00bbthin_solid\u00a0\u00bb divider_width=\u00a0\u00bbcustom_width\u00a0\u00bb custom_width=\u00a0\u00bb110&Prime; thin_single_color=\u00a0\u00bb#e2032f\u00a0\u00bb thickness=\u00a0\u00bb3&Prime; margin_top=\u00a0\u00bb10&Prime; margin_bottom=\u00a0\u00bb60&Prime;][vc_row_inner][vc_column_inner][vc_column_text disable_pattern=\u00a0\u00bbfalse\u00a0\u00bb css=\u00a0\u00bb.vc_custom_1528492160892{margin-bottom: 0px !important;}\u00a0\u00bb] En entreprise ou sur la route, Euro L.S. est en mesure de r\u00e9soudre tout probl\u00e8me m\u00e9canique, hydraulique ou \u00e9lectrique. Dans la majorit\u00e9 des cas, les appels de [&hellip;]<\/p>\n","protected":false},"author":1,"featured_media":0,"parent":0,"menu_order":0,"comment_status":"closed","ping_status":"closed","template":"","meta":[],"_links":{"self":[{"href":"https:\/\/eurols.com\/fr\/wp-json\/wp\/v2\/pages\/1258"}],"collection":[{"href":"https:\/\/eurols.com\/fr\/wp-json\/wp\/v2\/pages"}],"about":[{"href":"https:\/\/eurols.com\/fr\/wp-json\/wp\/v2\/types\/page"}],"author":[{"embeddable":true,"href":"https:\/\/eurols.com\/fr\/wp-json\/wp\/v2\/users\/1"}],"replies":[{"embeddable":true,"href":"https:\/\/eurols.com\/fr\/wp-json\/wp\/v2\/comments?post=1258"}],"version-history":[{"count":18,"href":"https:\/\/eurols.com\/fr\/wp-json\/wp\/v2\/pages\/1258\/revisions"}],"predecessor-version":[{"id":1671,"href":"https:\/\/eurols.com\/fr\/wp-json\/wp\/v2\/pages\/1258\/revisions\/1671"}],"wp:attachment":[{"href":"https:\/\/eurols.com\/fr\/wp-json\/wp\/v2\/media?parent=1258"}],"curies":[{"name":"wp","href":"https:\/\/api.w.org\/{rel}","templated":true}]}}