{"id":1253,"date":"2018-06-11T19:35:22","date_gmt":"2018-06-11T19:35:22","guid":{"rendered":"http:\/\/eurols.com\/rentals\/"},"modified":"2020-02-05T15:02:30","modified_gmt":"2020-02-05T15:02:30","slug":"location","status":"publish","type":"page","link":"https:\/\/eurols.com\/fr\/location\/","title":{"rendered":"Location"},"content":{"rendered":"[mk_page_section bg_image=\u00a0\u00bbhttp:\/\/eurols.com\/wp-content\/uploads\/2018\/05\/slide2-rental.jpg\u00a0\u00bb bg_position=\u00a0\u00bbcenter center\u00a0\u00bb bg_repeat=\u00a0\u00bbno-repeat\u00a0\u00bb bg_stretch=\u00a0\u00bbtrue\u00a0\u00bb min_height=\u00a0\u00bb450&Prime; sidebar=\u00a0\u00bbsidebar-1&Prime;][vc_column][\/vc_column][\/mk_page_section][vc_row][vc_column][mk_padding_divider size=\u00a0\u00bb120&Prime;][\/vc_column][\/vc_row][vc_row][vc_column][mk_fancy_title color=\u00a0\u00bb#e2032f\u00a0\u00bb size=\u00a0\u00bb60&Prime; font_weight=\u00a0\u00bbbold\u00a0\u00bb txt_transform=\u00a0\u00bbcapitalize\u00a0\u00bb margin_bottom=\u00a0\u00bb0&Prime; font_family=\u00a0\u00bbLato\u00a0\u00bb font_type=\u00a0\u00bbgoogle\u00a0\u00bb align=\u00a0\u00bbcenter\u00a0\u00bb]Location[\/mk_fancy_title][mk_divider style=\u00a0\u00bbthin_solid\u00a0\u00bb divider_width=\u00a0\u00bbcustom_width\u00a0\u00bb custom_width=\u00a0\u00bb110&Prime; thin_single_color=\u00a0\u00bb#e2032f\u00a0\u00bb thickness=\u00a0\u00bb3&Prime; margin_top=\u00a0\u00bb10&Prime; margin_bottom=\u00a0\u00bb60&Prime;][vc_row_inner][vc_column_inner][vc_column_text disable_pattern=\u00a0\u00bbfalse\u00a0\u00bb css=\u00a0\u00bb.vc_custom_1529357950206{margin-bottom: 0px !important;}\u00a0\u00bb]\n<p style=\"text-align: center; font-size: 22px; line-height: 1.30em; color: #999999;\">Avec plus de 150 unit\u00e9s en location, Euro L.S. poss\u00e8de un des stocks les plus importants de chariots \u00e9l\u00e9vateurs en location dans la grande r\u00e9gion de Montr\u00e9al. Chariots \u00e9lectriques, GPL, di\u00e9sel, location court ou long terme, Euro L.S. a tout ce qu&rsquo;il vous faut. Toutes les unit\u00e9s d&rsquo;Euro L.S. sont \u00e9quip\u00e9es des d\u00e9calques de s\u00e9curit\u00e9 requis, de translateurs transversaux et de projecteurs de travail. Chaque unit\u00e9 est inspect\u00e9e en profondeur, tant du point de vue m\u00e9canique, \u00e9lectrique qu&rsquo;hydraulique, par nos techniciens qualifi\u00e9s avant qu&rsquo;elle soit exp\u00e9di\u00e9e. Un rapport d&rsquo;inspection de la s\u00e9curit\u00e9 approuv\u00e9 par la CNESST est produit, et disponible, pour chaque unit\u00e9 en location avant qu&rsquo;elle quitte notre emplacement.<\/p>\n[\/vc_column_text][\/vc_column_inner][\/vc_row_inner][mk_divider style=\u00a0\u00bbthin_solid\u00a0\u00bb divider_width=\u00a0\u00bbcustom_width\u00a0\u00bb custom_width=\u00a0\u00bb110&Prime; thin_single_color=\u00a0\u00bb#e2032f\u00a0\u00bb thickness=\u00a0\u00bb3&Prime; margin_top=\u00a0\u00bb10&Prime; margin_bottom=\u00a0\u00bb60&Prime;][\/vc_column][\/vc_row][vc_row][vc_column width=\u00a0\u00bb1\/12&Prime;][\/vc_column][vc_column width=\u00a0\u00bb3\/12&Prime;][vc_single_image image=\u00a0\u00bb1151&Prime; img_size=\u00a0\u00bb200&#215;200&Prime; alignment=\u00a0\u00bbright\u00a0\u00bb][\/vc_column][vc_column width=\u00a0\u00bb4\/12&Prime;][mk_padding_divider size=\u00a0\u00bb30&Prime;][vc_column_text css=\u00a0\u00bb.vc_custom_1528479092489{margin-bottom: 0px !important;}\u00a0\u00bb]<strong style=\"color: #999; font-size: 18px;\">Les chariots \u00e9l\u00e9vateurs en location poss\u00e8dent une capacit\u00e9 variant de 3 000 lbs \u00e0 21 000 lbs. Bandages creux ou coussin\u00e9s (pneus non tra\u00e7ants disponibles).<\/strong>[\/vc_column_text][\/vc_column][vc_column width=\u00a0\u00bb3\/12&Prime;][vc_single_image image=\u00a0\u00bb1152&Prime; img_size=\u00a0\u00bb200&#215;200&Prime;][\/vc_column][vc_column width=\u00a0\u00bb1\/12&Prime;][\/vc_column][\/vc_row][vc_row][vc_column width=\u00a0\u00bb1\/12&Prime;][\/vc_column][vc_column width=\u00a0\u00bb3\/12&Prime;][vc_single_image image=\u00a0\u00bb1153&Prime; img_size=\u00a0\u00bb200&#215;200&Prime; alignment=\u00a0\u00bbright\u00a0\u00bb][\/vc_column][vc_column width=\u00a0\u00bb4\/12&Prime;][mk_padding_divider size=\u00a0\u00bb30&Prime;][vc_column_text css=\u00a0\u00bb.vc_custom_1528479106542{margin-bottom: 0px !important;}\u00a0\u00bb]<strong style=\"color: #999; font-size: 18px;\">Les gerbeurs en location poss\u00e8dent une capacit\u00e9 variant de 2 500 lbs \u00e0 4 500 lbs, et sont \u00e9quip\u00e9s de roues en polyur\u00e9thane qui ne laissent pas de traces.<\/strong>[\/vc_column_text][\/vc_column][vc_column width=\u00a0\u00bb3\/12&Prime;][vc_single_image image=\u00a0\u00bb1154&Prime; img_size=\u00a0\u00bb200&#215;200&Prime;][\/vc_column][vc_column width=\u00a0\u00bb1\/12&Prime;][\/vc_column][\/vc_row][vc_row][vc_column width=\u00a0\u00bb1\/12&Prime;][\/vc_column][vc_column width=\u00a0\u00bb3\/12&Prime;][vc_single_image image=\u00a0\u00bb1303&Prime; img_size=\u00a0\u00bb200&#215;200&Prime; alignment=\u00a0\u00bbright\u00a0\u00bb][\/vc_column][vc_column width=\u00a0\u00bb4\/12&Prime;][mk_padding_divider size=\u00a0\u00bb30&Prime;][vc_column_text css=\u00a0\u00bb.vc_custom_1528479120204{margin-bottom: 0px !important;}\u00a0\u00bb]<strong style=\"color: #999; font-size: 18px;\">Les transpalettes en location poss\u00e8dent une capacit\u00e9 variant de 3 000 lbs \u00e0 8 000 lbs, des fourches de 48\u2019\u2019 ou de 96\u2019\u2019 de longueur, et des roues en polyur\u00e9thane qui ne laissent pas de traces.<\/strong>[\/vc_column_text][\/vc_column][vc_column width=\u00a0\u00bb3\/12&Prime;][vc_single_image image=\u00a0\u00bb1300&Prime; img_size=\u00a0\u00bb200&#215;150&Prime;][\/vc_column][vc_column width=\u00a0\u00bb1\/12&Prime;][\/vc_column][\/vc_row][vc_row][vc_column][vc_row_inner][vc_column_inner width=\u00a0\u00bb3\/12&Prime;][\/vc_column_inner][vc_column_inner width=\u00a0\u00bb6\/12&Prime;][vc_column_text disable_pattern=\u00a0\u00bbfalse\u00a0\u00bb css=\u00a0\u00bb.vc_custom_1530129471350{margin-bottom: 0px !important;}\u00a0\u00bb]\n<div style=\"color: #999; font-size: 16px;\">\n<p>Divers accessoires en location :<\/p>\n<ul>\n<li>Pinces \u00e0 carton<\/li>\n<li>Rotateurs<\/li>\n<li>\u00c9perons<\/li>\n<li>Rallonges de fourche<\/li>\n<li>\u00c9carteurs de fourche<\/li>\n<li>Diff\u00e9rentes longueurs de fourche (de 36\u2019\u2019 \u00e0 96\u2019\u2019, toutes les classes)<\/li>\n<\/ul>\n<\/div>\n[\/vc_column_text][\/vc_column_inner][vc_column_inner width=\u00a0\u00bb3\/12&Prime;][\/vc_column_inner][\/vc_row_inner][vc_column_text css=\u00a0\u00bb.vc_custom_1529358418094{margin-bottom: 0px !important;}\u00a0\u00bb]\n<p style=\"text-align: center; font-size: 18px; line-height: 1.30em; color: #999999;\"><em><a class=\"js-smooth-scroll\" href=\"http:\/\/eurols.com\/fr\/rentals\/#rental-cl\">Cliquez ici pour consulter notre tableau de caract\u00e9ristiques afin de nous aider \u00e0 comprendre vos besoins en location d&rsquo;\u00e9quipements.<\/a><\/em><\/p>\n[\/vc_column_text][vc_row_inner][vc_column_inner][vc_column_text disable_pattern=\u00a0\u00bbfalse\u00a0\u00bb css=\u00a0\u00bb.vc_custom_1580842960533{margin-bottom: 0px !important;}\u00a0\u00bb]\n<p style=\"text-align: center; font-size: 22px; line-height: 1.30em; color: #999999;\"><em>Veuillez communiquer avec Anthony (Tony) Giordano au (514) 501-0968 pour toutes vos questions ou demandes.<\/em><\/p>\n[\/vc_column_text][\/vc_column_inner][\/vc_row_inner][mk_divider style=\u00a0\u00bbthin_solid\u00a0\u00bb divider_width=\u00a0\u00bbcustom_width\u00a0\u00bb custom_width=\u00a0\u00bb110&Prime; thin_single_color=\u00a0\u00bb#e2032f\u00a0\u00bb thickness=\u00a0\u00bb3&Prime; margin_top=\u00a0\u00bb10&Prime; margin_bottom=\u00a0\u00bb60&Prime;][\/vc_column][\/vc_row][vc_row][vc_column width=\u00a0\u00bb1\/3&Prime;][mk_custom_box padding_vertical=\u00a0\u00bb10&Prime; padding_horizental=\u00a0\u00bb10&Prime; el_class=\u00a0\u00bbfr-boxes\u00a0\u00bb bg_color=\u00a0\u00bb#e2032f\u00a0\u00bb background_hov_color_style=\u00a0\u00bbimage\u00a0\u00bb bg_hov_color=\u00a0\u00bb#959aa6&Prime; bg_stretch=\u00a0\u00bbfalse\u00a0\u00bb][mk_image src=\u00a0\u00bbhttp:\/\/eurols.com\/wp-content\/uploads\/2018\/05\/box-service.jpg\u00a0\u00bb image_size=\u00a0\u00bbfull\u00a0\u00bb align=\u00a0\u00bbcenter\u00a0\u00bb margin_bottom=\u00a0\u00bb30&Prime;][mk_fancy_title tag_name=\u00a0\u00bbh5&Prime; color=\u00a0\u00bb#ffffff\u00a0\u00bb size=\u00a0\u00bb18&Prime; font_weight=\u00a0\u00bbbold\u00a0\u00bb txt_transform=\u00a0\u00bbuppercase\u00a0\u00bb margin_bottom=\u00a0\u00bb0&Prime; font_family=\u00a0\u00bbLato\u00a0\u00bb font_type=\u00a0\u00bbgoogle\u00a0\u00bb align=\u00a0\u00bbcenter\u00a0\u00bb]Service[\/mk_fancy_title][vc_column_text align=\u00a0\u00bbcenter\u00a0\u00bb css=\u00a0\u00bb.vc_custom_1530033187171{margin-bottom: 0px !important;}\u00a0\u00bb]<span style=\"color: #ffffff;\">En entreprise ou sur la route, Euro L.S. est en mesure de r\u00e9soudre tout probl\u00e8me m\u00e9canique, hydraulique ou \u00e9lectrique. Dans la majorit\u00e9 des cas, les appels de service&#8230;<\/span>[\/vc_column_text][mk_button dimension=\u00a0\u00bbflat\u00a0\u00bb size=\u00a0\u00bbmedium\u00a0\u00bb url=\u00a0\u00bb\/service\/\u00a0\u00bb align=\u00a0\u00bbcenter\u00a0\u00bb bg_color=\u00a0\u00bb#ffffff\u00a0\u00bb btn_hover_bg=\u00a0\u00bb#ffffff\u00a0\u00bb text_color=\u00a0\u00bbdark\u00a0\u00bb btn_hover_txt_color=\u00a0\u00bb#ed4622&Prime;]DETAILS[\/mk_button][\/mk_custom_box][\/vc_column][vc_column width=\u00a0\u00bb1\/3&Prime;][mk_custom_box padding_vertical=\u00a0\u00bb10&Prime; padding_horizental=\u00a0\u00bb10&Prime; el_class=\u00a0\u00bbfr-boxes\u00a0\u00bb bg_color=\u00a0\u00bb#e2032f\u00a0\u00bb background_hov_color_style=\u00a0\u00bbimage\u00a0\u00bb bg_hov_color=\u00a0\u00bb#959aa6&Prime; bg_stretch=\u00a0\u00bbfalse\u00a0\u00bb][mk_image src=\u00a0\u00bbhttp:\/\/eurols.com\/wp-content\/uploads\/2018\/06\/parts-head-1.jpg\u00a0\u00bb image_size=\u00a0\u00bbfull\u00a0\u00bb align=\u00a0\u00bbcenter\u00a0\u00bb margin_bottom=\u00a0\u00bb30&Prime;][mk_fancy_title tag_name=\u00a0\u00bbh5&Prime; color=\u00a0\u00bb#ffffff\u00a0\u00bb size=\u00a0\u00bb18&Prime; font_weight=\u00a0\u00bbbold\u00a0\u00bb txt_transform=\u00a0\u00bbuppercase\u00a0\u00bb margin_bottom=\u00a0\u00bb0&Prime; font_family=\u00a0\u00bbLato\u00a0\u00bb font_type=\u00a0\u00bbgoogle\u00a0\u00bb align=\u00a0\u00bbcenter\u00a0\u00bb]PI\u00c8CES[\/mk_fancy_title][vc_column_text align=\u00a0\u00bbcenter\u00a0\u00bb css=\u00a0\u00bb.vc_custom_1530033207470{margin-bottom: 0px !important;}\u00a0\u00bb]<span style=\"color: #ffffff;\">Nous offrons des prix comp\u00e9titifs sur les pi\u00e8ces de rechange. Des pi\u00e8ces originales, r\u00e9usin\u00e9es et usag\u00e9es sont disponibles. Toutes les marques, tous les mod\u00e8les&#8230;<\/span>[\/vc_column_text][mk_button dimension=\u00a0\u00bbflat\u00a0\u00bb size=\u00a0\u00bbmedium\u00a0\u00bb url=\u00a0\u00bb\/parts\/\u00a0\u00bb align=\u00a0\u00bbcenter\u00a0\u00bb bg_color=\u00a0\u00bb#ffffff\u00a0\u00bb btn_hover_bg=\u00a0\u00bb#ffffff\u00a0\u00bb text_color=\u00a0\u00bbdark\u00a0\u00bb btn_hover_txt_color=\u00a0\u00bb#ed4622&Prime;]DETAILS[\/mk_button][\/mk_custom_box][\/vc_column][vc_column width=\u00a0\u00bb1\/3&Prime; el_class=\u00a0\u00bbfr-boxes\u00a0\u00bb][mk_custom_box padding_vertical=\u00a0\u00bb10&Prime; padding_horizental=\u00a0\u00bb10&Prime; bg_color=\u00a0\u00bb#e2032f\u00a0\u00bb background_hov_color_style=\u00a0\u00bbimage\u00a0\u00bb bg_hov_color=\u00a0\u00bb#959aa6&Prime; bg_stretch=\u00a0\u00bbfalse\u00a0\u00bb][mk_image src=\u00a0\u00bbhttp:\/\/eurols.com\/wp-content\/uploads\/2018\/02\/sales.jpg\u00a0\u00bb image_size=\u00a0\u00bbfull\u00a0\u00bb align=\u00a0\u00bbcenter\u00a0\u00bb margin_bottom=\u00a0\u00bb30&Prime;][mk_fancy_title tag_name=\u00a0\u00bbh5&Prime; color=\u00a0\u00bb#ffffff\u00a0\u00bb size=\u00a0\u00bb18&Prime; font_weight=\u00a0\u00bbbold\u00a0\u00bb txt_transform=\u00a0\u00bbuppercase\u00a0\u00bb margin_bottom=\u00a0\u00bb0&Prime; font_family=\u00a0\u00bbLato\u00a0\u00bb font_type=\u00a0\u00bbgoogle\u00a0\u00bb align=\u00a0\u00bbcenter\u00a0\u00bb]VENTES[\/mk_fancy_title][vc_column_text align=\u00a0\u00bbcenter\u00a0\u00bb css=\u00a0\u00bb.vc_custom_1530033292488{margin-bottom: 0px !important;}\u00a0\u00bb]<span style=\"color: #ffffff;\">Vous cherchez de l&rsquo;\u00e9quipement de manutention neuf, usag\u00e9 ou r\u00e9usin\u00e9? N&rsquo;allez pas plus loin : Euro L.S. peut r\u00e9pondre \u00e0 tous vos besoins de manutention. Toutes les unit\u00e9s usag\u00e9es sont disponibles!&#8230;<\/span>[\/vc_column_text][mk_button dimension=\u00a0\u00bbflat\u00a0\u00bb size=\u00a0\u00bbmedium\u00a0\u00bb url=\u00a0\u00bb\/sales\/\u00a0\u00bb align=\u00a0\u00bbcenter\u00a0\u00bb bg_color=\u00a0\u00bb#ffffff\u00a0\u00bb btn_hover_bg=\u00a0\u00bb#ffffff\u00a0\u00bb text_color=\u00a0\u00bbdark\u00a0\u00bb btn_hover_txt_color=\u00a0\u00bb#ed4622&Prime;]DETAILS[\/mk_button][\/mk_custom_box][\/vc_column][\/vc_row][vc_row][vc_column][mk_padding_divider size=\u00a0\u00bb140&Prime;][\/vc_column][\/vc_row][mk_page_section bg_image=\u00a0\u00bbhttp:\/\/eurols.com\/wp-content\/uploads\/2017\/12\/93852-c3768044.w1900.jpg\u00a0\u00bb bg_color=\u00a0\u00bb#e2032f\u00a0\u00bb blend_mode=\u00a0\u00bbmultiply\u00a0\u00bb bg_position=\u00a0\u00bbcenter center\u00a0\u00bb bg_repeat=\u00a0\u00bbno-repeat\u00a0\u00bb bg_stretch=\u00a0\u00bbtrue\u00a0\u00bb video_opacity=\u00a0\u00bb0.9&Prime; min_height=\u00a0\u00bb0&Prime; padding_top=\u00a0\u00bb60&Prime; padding_bottom=\u00a0\u00bb90&Prime; has_top_shape_divider=\u00a0\u00bbtrue\u00a0\u00bb top_shape_style=\u00a0\u00bbfolded-top\u00a0\u00bb top_shape_color=\u00a0\u00bb#ffffff\u00a0\u00bb top_shape_bg_color=\u00a0\u00bbrgba(0,0,0,0.01)\u00a0\u00bb has_bottom_shape_divider=\u00a0\u00bbtrue\u00a0\u00bb bottom_shape_style=\u00a0\u00bbfolded-bottom\u00a0\u00bb bottom_shape_color=\u00a0\u00bb#ffffff\u00a0\u00bb bottom_shape_bg_color=\u00a0\u00bbrgba(255,255,255,0.01)\u00a0\u00bb sidebar=\u00a0\u00bbsidebar-1&Prime;][vc_column][mk_fancy_title color=\u00a0\u00bb#ffffff\u00a0\u00bb size=\u00a0\u00bb40&Prime; force_font_size=\u00a0\u00bbtrue\u00a0\u00bb size_phone=\u00a0\u00bb30&Prime; font_weight=\u00a0\u00bb400&Prime; txt_transform=\u00a0\u00bbcapitalize\u00a0\u00bb margin_bottom=\u00a0\u00bb0&Prime; font_family=\u00a0\u00bbLato\u00a0\u00bb font_type=\u00a0\u00bbgoogle\u00a0\u00bb align=\u00a0\u00bbcenter\u00a0\u00bb]Partnerships[\/mk_fancy_title][mk_divider style=\u00a0\u00bbthin_solid\u00a0\u00bb divider_width=\u00a0\u00bbcustom_width\u00a0\u00bb custom_width=\u00a0\u00bb110&Prime; thin_single_color=\u00a0\u00bb#ffffff\u00a0\u00bb thickness=\u00a0\u00bb3&Prime; margin_top=\u00a0\u00bb10&Prime; margin_bottom=\u00a0\u00bb60&Prime;][mk_clients count=\u00a0\u00bb-1&Prime; height=\u00a0\u00bb160&Prime; margin_bottom=\u00a0\u00bb10&Prime;][\/vc_column][\/mk_page_section][vc_row][vc_column][mk_padding_divider size=\u00a0\u00bb140&Prime;][\/vc_column][\/vc_row][vc_row id=\u00a0\u00bbhide-content\u00a0\u00bb][vc_column][mk_fancy_title tag_name=\u00a0\u00bbh1&Prime; color=\u00a0\u00bb#e2032f\u00a0\u00bb size=\u00a0\u00bb40&Prime; font_weight=\u00a0\u00bbbold\u00a0\u00bb txt_transform=\u00a0\u00bbcapitalize\u00a0\u00bb margin_bottom=\u00a0\u00bb0&Prime; font_family=\u00a0\u00bbLato\u00a0\u00bb font_type=\u00a0\u00bbgoogle\u00a0\u00bb align=\u00a0\u00bbcenter\u00a0\u00bb]customer service[\/mk_fancy_title][mk_divider style=\u00a0\u00bbthin_solid\u00a0\u00bb divider_width=\u00a0\u00bbcustom_width\u00a0\u00bb custom_width=\u00a0\u00bb110&Prime; thin_single_color=\u00a0\u00bb#e2032f\u00a0\u00bb thickness=\u00a0\u00bb3&Prime; margin_top=\u00a0\u00bb10&Prime; margin_bottom=\u00a0\u00bb60&Prime;][vc_row_inner][vc_column_inner width=\u00a0\u00bb1\/12&Prime;][\/vc_column_inner][vc_column_inner width=\u00a0\u00bb10\/12&Prime;][vc_column_text disable_pattern=\u00a0\u00bbfalse\u00a0\u00bb align=\u00a0\u00bbcenter\u00a0\u00bb css=\u00a0\u00bb.vc_custom_1519157946953{margin-bottom: 0px !important;}\u00a0\u00bb]<em>\u201cIf we don\u2019t service the customer somebody else will\u201d<\/em><\/p>\n<p>By continuously operating with this approach, Euro L.S. Inc. has solidified itself as an industry leader in the world of forklifts. We strongly believe that our customer service is what differentiates us from our competitors.<\/p>\n<p>We always stand behind our product, respect our warranties and thrive on providing solutions for our customers.[\/vc_column_text][\/vc_column_inner][vc_column_inner width=\u00a0\u00bb1\/12&Prime;][\/vc_column_inner][\/vc_row_inner][mk_padding_divider size=\u00a0\u00bb30&Prime;][mk_gallery images=\u00a0\u00bb1176,1175,1174,1173&Prime; column=\u00a0\u00bb4&Prime; height=\u00a0\u00bb250&Prime; hover_scenarios=\u00a0\u00bbslow_zoom\u00a0\u00bb item_spacing=\u00a0\u00bb30&Prime; margin_bottom=\u00a0\u00bb0&Prime;][\/vc_column][\/vc_row][vc_row id=\u00a0\u00bbrental-cl\u00a0\u00bb][vc_column][mk_fancy_title tag_name=\u00a0\u00bbh1&Prime; color=\u00a0\u00bb#e2032f\u00a0\u00bb size=\u00a0\u00bb40&Prime; font_weight=\u00a0\u00bbbold\u00a0\u00bb txt_transform=\u00a0\u00bbcapitalize\u00a0\u00bb margin_bottom=\u00a0\u00bb0&Prime; font_family=\u00a0\u00bbLato\u00a0\u00bb font_type=\u00a0\u00bbgoogle\u00a0\u00bb align=\u00a0\u00bbcenter\u00a0\u00bb]Liste de contr\u00f4le de location[\/mk_fancy_title][mk_divider style=\u00a0\u00bbthin_solid\u00a0\u00bb divider_width=\u00a0\u00bbcustom_width\u00a0\u00bb custom_width=\u00a0\u00bb110&Prime; thin_single_color=\u00a0\u00bb#e2032f\u00a0\u00bb thickness=\u00a0\u00bb3&Prime; margin_top=\u00a0\u00bb10&Prime; margin_bottom=\u00a0\u00bb60&Prime;][vc_row_inner][vc_column_inner width=\u00a0\u00bb1\/12&Prime;][\/vc_column_inner][vc_column_inner width=\u00a0\u00bb5\/12&Prime; css=\u00a0\u00bb.vc_custom_1523048344272{margin-top: 28px !important;}\u00a0\u00bb][mk_padding_divider size=\u00a0\u00bb30&Prime;][vc_column_text disable_pattern=\u00a0\u00bbfalse\u00a0\u00bb css=\u00a0\u00bb.vc_custom_1525205429650{margin-bottom: 0px !important;}\u00a0\u00bb]\n<p style=\"font-size: 22px; line-height: 1.30em; color: #999999;\">A. Hauteur de d\u00e9ploiement<br \/>\nB. Longueur des fourches<br \/>\nC. Utilisation int\u00e9rieure \/ext\u00e9rieure<br \/>\nD. Capacit\u00e9<br \/>\nE. Longueur totale permise (sans les fourches)<br \/>\nF. Largeur totale permise<br \/>\nG. Source d&rsquo;\u00e9nergie<br \/>\nH. Hauteur maximum requise des fourches<\/p>\n[\/vc_column_text][\/vc_column_inner][vc_column_inner width=\u00a0\u00bb5\/12&Prime;][vc_column_text disable_pattern=\u00a0\u00bbfalse\u00a0\u00bb align=\u00a0\u00bbcenter\u00a0\u00bb css=\u00a0\u00bb.vc_custom_1523047102686{margin-bottom: 0px !important;}\u00a0\u00bb]<img loading=\"lazy\" class=\"alignnone wp-image-1056\" src=\"http:\/\/eurols.com\/wp-content\/uploads\/2018\/04\/forklift-checklist3-sm.jpg\" alt=\"\" width=\"500\" height=\"457\" srcset=\"https:\/\/eurols.com\/wp-content\/uploads\/2018\/04\/forklift-checklist3-sm.jpg 800w, https:\/\/eurols.com\/wp-content\/uploads\/2018\/04\/forklift-checklist3-sm-300x275.jpg 300w, https:\/\/eurols.com\/wp-content\/uploads\/2018\/04\/forklift-checklist3-sm-768x703.jpg 768w\" sizes=\"(max-width: 500px) 100vw, 500px\" \/>[\/vc_column_text][\/vc_column_inner][vc_column_inner width=\u00a0\u00bb1\/12&Prime;][\/vc_column_inner][\/vc_row_inner][mk_padding_divider size=\u00a0\u00bb30&Prime;][\/vc_column][\/vc_row][vc_row][vc_column][vc_row_inner][vc_column_inner width=\u00a0\u00bb1\/12&Prime;][\/vc_column_inner][vc_column_inner width=\u00a0\u00bb10\/12&Prime;][\/vc_column_inner][vc_column_inner width=\u00a0\u00bb1\/12&Prime;][\/vc_column_inner][\/vc_row_inner][mk_padding_divider size=\u00a0\u00bb120&Prime;][\/vc_column][\/vc_row][mk_page_section bg_color=\u00a0\u00bb#e2032f\u00a0\u00bb full_width=\u00a0\u00bbtrue\u00a0\u00bb has_top_shape_divider=\u00a0\u00bbtrue\u00a0\u00bb top_shape_color=\u00a0\u00bb#ffffff\u00a0\u00bb top_shape_bg_color=\u00a0\u00bb#e2032f\u00a0\u00bb bottom_shape_color=\u00a0\u00bb#ffffff\u00a0\u00bb sidebar=\u00a0\u00bbsidebar-1&Prime;][vc_column width=\u00a0\u00bb2\/12&Prime;][\/vc_column][vc_column width=\u00a0\u00bb5\/12&Prime;][mk_padding_divider size=\u00a0\u00bb60&Prime;][mk_fancy_title tag_name=\u00a0\u00bbh3&Prime; color=\u00a0\u00bb#e2032f\u00a0\u00bb size=\u00a0\u00bb30&Prime; force_font_size=\u00a0\u00bbtrue\u00a0\u00bb size_tablet=\u00a0\u00bb20&Prime; size_phone=\u00a0\u00bb15&Prime; line_height=\u00a0\u00bb90&Prime; font_weight=\u00a0\u00bbbold\u00a0\u00bb txt_transform=\u00a0\u00bbcapitalize\u00a0\u00bb margin_bottom=\u00a0\u00bb0&Prime; font_family=\u00a0\u00bbLato\u00a0\u00bb font_type=\u00a0\u00bbgoogle\u00a0\u00bb align=\u00a0\u00bbcenter\u00a0\u00bb el_class=\u00a0\u00bbno-cap\u00a0\u00bb]<span style=\"color: #fde438;\">Questions?<\/span> <span style=\"color: #ffffff;\">Appelez-nous au : (514) 335-4070<\/span>[\/mk_fancy_title][\/vc_column][vc_column width=\u00a0\u00bb2\/12&Prime;][mk_padding_divider size=\u00a0\u00bb50&Prime;][mk_button dimension=\u00a0\u00bbflat\u00a0\u00bb size=\u00a0\u00bblarge\u00a0\u00bb url=\u00a0\u00bb\/fr\/contact-us\/\u00a0\u00bb margin_right=\u00a0\u00bb0&Prime; bg_color=\u00a0\u00bb#fde438&Prime; text_color=\u00a0\u00bbdark\u00a0\u00bb btn_hover_txt_color=\u00a0\u00bb#e2032f\u00a0\u00bb]NOUS CONTACTER[\/mk_button][\/vc_column][vc_column width=\u00a0\u00bb3\/12&Prime;][\/vc_column][\/mk_page_section]\n","protected":false},"excerpt":{"rendered":"<p>[mk_page_section bg_image=\u00a0\u00bbhttp:\/\/eurols.com\/wp-content\/uploads\/2018\/05\/slide2-rental.jpg\u00a0\u00bb bg_position=\u00a0\u00bbcenter center\u00a0\u00bb bg_repeat=\u00a0\u00bbno-repeat\u00a0\u00bb bg_stretch=\u00a0\u00bbtrue\u00a0\u00bb min_height=\u00a0\u00bb450&Prime; sidebar=\u00a0\u00bbsidebar-1&Prime;][vc_column][\/vc_column][\/mk_page_section][vc_row][vc_column][mk_padding_divider size=\u00a0\u00bb120&Prime;][\/vc_column][\/vc_row][vc_row][vc_column][mk_fancy_title color=\u00a0\u00bb#e2032f\u00a0\u00bb size=\u00a0\u00bb60&Prime; font_weight=\u00a0\u00bbbold\u00a0\u00bb txt_transform=\u00a0\u00bbcapitalize\u00a0\u00bb margin_bottom=\u00a0\u00bb0&Prime; font_family=\u00a0\u00bbLato\u00a0\u00bb font_type=\u00a0\u00bbgoogle\u00a0\u00bb align=\u00a0\u00bbcenter\u00a0\u00bb]Location[\/mk_fancy_title][mk_divider style=\u00a0\u00bbthin_solid\u00a0\u00bb divider_width=\u00a0\u00bbcustom_width\u00a0\u00bb custom_width=\u00a0\u00bb110&Prime; thin_single_color=\u00a0\u00bb#e2032f\u00a0\u00bb thickness=\u00a0\u00bb3&Prime; margin_top=\u00a0\u00bb10&Prime; margin_bottom=\u00a0\u00bb60&Prime;][vc_row_inner][vc_column_inner][vc_column_text disable_pattern=\u00a0\u00bbfalse\u00a0\u00bb css=\u00a0\u00bb.vc_custom_1529357950206{margin-bottom: 0px !important;}\u00a0\u00bb] Avec plus de 150 unit\u00e9s en location, Euro L.S. poss\u00e8de un des stocks les plus importants de chariots \u00e9l\u00e9vateurs en location dans la grande r\u00e9gion de Montr\u00e9al. [&hellip;]<\/p>\n","protected":false},"author":1,"featured_media":0,"parent":0,"menu_order":0,"comment_status":"closed","ping_status":"closed","template":"","meta":[],"_links":{"self":[{"href":"https:\/\/eurols.com\/fr\/wp-json\/wp\/v2\/pages\/1253"}],"collection":[{"href":"https:\/\/eurols.com\/fr\/wp-json\/wp\/v2\/pages"}],"about":[{"href":"https:\/\/eurols.com\/fr\/wp-json\/wp\/v2\/types\/page"}],"author":[{"embeddable":true,"href":"https:\/\/eurols.com\/fr\/wp-json\/wp\/v2\/users\/1"}],"replies":[{"embeddable":true,"href":"https:\/\/eurols.com\/fr\/wp-json\/wp\/v2\/comments?post=1253"}],"version-history":[{"count":26,"href":"https:\/\/eurols.com\/fr\/wp-json\/wp\/v2\/pages\/1253\/revisions"}],"predecessor-version":[{"id":1670,"href":"https:\/\/eurols.com\/fr\/wp-json\/wp\/v2\/pages\/1253\/revisions\/1670"}],"wp:attachment":[{"href":"https:\/\/eurols.com\/fr\/wp-json\/wp\/v2\/media?parent=1253"}],"curies":[{"name":"wp","href":"https:\/\/api.w.org\/{rel}","templated":true}]}}