{"id":1249,"date":"2018-06-11T19:31:26","date_gmt":"2018-06-11T19:31:26","guid":{"rendered":"http:\/\/eurols.com\/home\/"},"modified":"2020-03-24T16:18:50","modified_gmt":"2020-03-24T16:18:50","slug":"home","status":"publish","type":"page","link":"https:\/\/eurols.com\/fr\/","title":{"rendered":"Accueil"},"content":{"rendered":"[vc_row][vc_column][mk_layerslider id=\u00a0\u00bb2&Prime;][\/vc_column][\/vc_row][vc_row][vc_column][mk_padding_divider size=\u00a0\u00bb140&Prime; visibility=\u00a0\u00bbhidden-sm\u00a0\u00bb][mk_padding_divider size=\u00a0\u00bb60&Prime; visibility=\u00a0\u00bbvisible-sm\u00a0\u00bb][\/vc_column][\/vc_row][vc_row][vc_column][mk_fancy_title color=\u00a0\u00bb#e2032f\u00a0\u00bb size=\u00a0\u00bb60&Prime; force_font_size=\u00a0\u00bbtrue\u00a0\u00bb size_tablet=\u00a0\u00bb30&Prime; size_phone=\u00a0\u00bb30&Prime; font_weight=\u00a0\u00bbbold\u00a0\u00bb txt_transform=\u00a0\u00bbcapitalize\u00a0\u00bb margin_bottom=\u00a0\u00bb0&Prime; font_family=\u00a0\u00bbLato\u00a0\u00bb font_type=\u00a0\u00bbgoogle\u00a0\u00bb align=\u00a0\u00bbcenter\u00a0\u00bb el_class=\u00a0\u00bbno-cap\u00a0\u00bb]Service hors pair[\/mk_fancy_title][mk_divider style=\u00a0\u00bbthin_solid\u00a0\u00bb divider_width=\u00a0\u00bbcustom_width\u00a0\u00bb custom_width=\u00a0\u00bb200&Prime; thin_single_color=\u00a0\u00bb#e2032f\u00a0\u00bb thickness=\u00a0\u00bb3&Prime; margin_top=\u00a0\u00bb10&Prime; margin_bottom=\u00a0\u00bb60&Prime;][vc_row_inner][vc_column_inner][vc_column_text disable_pattern=\u00a0\u00bbfalse\u00a0\u00bb align=\u00a0\u00bbcenter\u00a0\u00bb css=\u00a0\u00bb.vc_custom_1519230538339{margin-bottom: 0px !important;}\u00a0\u00bb]\n<div style=\"font-size: 22px; line-height: 1.30em;\"><span style=\"color: #999999;\">Vous cherchez un fournisseur cl\u00e9 en main pour combler vos besoins de manutention? Ne cherchez plus! Euro L.S. inc. est un chef de file de l&rsquo;industrie desservant la grande r\u00e9gion de Montr\u00e9al. Nous poss\u00e9dons un des plus importants stocks de chariots \u00e9l\u00e9vateurs dans la r\u00e9gion de Montr\u00e9al. Du petit chariot \u00e9lectrique au puissant et robuste chariot di\u00e9sel, Euro L.S. a ce qu&rsquo;il vous faut. Notre service \u00e0 la client\u00e8le est en mesure de r\u00e9pondre \u00e0 tout type d&rsquo;appel de service. Chez vous ou chez nous, nos techniciens qualifi\u00e9s sont heureux de vous servir \u00e0 un taux abordable. Int\u00e9ress\u00e9 \u00e0 acheter? Nous offrons des chariots r\u00e9usin\u00e9s de la plus haute qualit\u00e9 et ils sont garantis. Chez Euro L.S., les chariots \u00e9l\u00e9vateurs, c&rsquo;est notre passion!<\/span><\/div>\n[\/vc_column_text][\/vc_column_inner][\/vc_row_inner][\/vc_column][\/vc_row][vc_row][vc_column][mk_padding_divider size=\u00a0\u00bb70&Prime;][\/vc_column][\/vc_row][vc_row][vc_column width=\u00a0\u00bb1\/4&Prime;][mk_custom_box padding_vertical=\u00a0\u00bb10&Prime; padding_horizental=\u00a0\u00bb10&Prime; el_class=\u00a0\u00bbbox-holder-home\u00a0\u00bb bg_color=\u00a0\u00bb#e2032f\u00a0\u00bb background_hov_color_style=\u00a0\u00bbimage\u00a0\u00bb bg_hov_color=\u00a0\u00bb#959aa6&Prime; bg_stretch=\u00a0\u00bbfalse\u00a0\u00bb][mk_image src=\u00a0\u00bbhttp:\/\/eurols.com\/wp-content\/uploads\/2018\/05\/box-rental.jpg\u00a0\u00bb image_size=\u00a0\u00bbfull\u00a0\u00bb align=\u00a0\u00bbcenter\u00a0\u00bb margin_bottom=\u00a0\u00bb30&Prime;][mk_fancy_title tag_name=\u00a0\u00bbh5&Prime; color=\u00a0\u00bb#ffffff\u00a0\u00bb size=\u00a0\u00bb18&Prime; font_weight=\u00a0\u00bbbold\u00a0\u00bb txt_transform=\u00a0\u00bbuppercase\u00a0\u00bb margin_bottom=\u00a0\u00bb0&Prime; font_family=\u00a0\u00bbLato\u00a0\u00bb font_type=\u00a0\u00bbgoogle\u00a0\u00bb align=\u00a0\u00bbcenter\u00a0\u00bb]Locations[\/mk_fancy_title][vc_column_text align=\u00a0\u00bbcenter\u00a0\u00bb css=\u00a0\u00bb.vc_custom_1518628894302{margin-bottom: 0px !important;}\u00a0\u00bb]<span style=\"color: #ffffff;\">Avec plus de 150 unit\u00e9s en location, Euro L.S. poss\u00e8de un des stocks les plus importants de chariots \u00e9l\u00e9vateurs en location dans la grande r\u00e9gion de Montr\u00e9al : chariots \u00e9lectriques, GPL, di\u00e9sel&#8230;<\/span>[\/vc_column_text][mk_button dimension=\u00a0\u00bbflat\u00a0\u00bb size=\u00a0\u00bbmedium\u00a0\u00bb url=\u00a0\u00bb\/rentals\/\u00a0\u00bb align=\u00a0\u00bbcenter\u00a0\u00bb bg_color=\u00a0\u00bb#ffffff\u00a0\u00bb btn_hover_bg=\u00a0\u00bb#ffffff\u00a0\u00bb text_color=\u00a0\u00bbdark\u00a0\u00bb btn_hover_txt_color=\u00a0\u00bb#ed4622&Prime;]D\u00c9TAILS[\/mk_button][\/mk_custom_box][\/vc_column][vc_column width=\u00a0\u00bb1\/4&Prime;][mk_custom_box padding_vertical=\u00a0\u00bb10&Prime; padding_horizental=\u00a0\u00bb10&Prime; el_class=\u00a0\u00bbbox-holder-home\u00a0\u00bb bg_color=\u00a0\u00bb#e2032f\u00a0\u00bb background_hov_color_style=\u00a0\u00bbimage\u00a0\u00bb bg_hov_color=\u00a0\u00bb#959aa6&Prime; bg_stretch=\u00a0\u00bbfalse\u00a0\u00bb][mk_image src=\u00a0\u00bbhttp:\/\/eurols.com\/wp-content\/uploads\/2018\/05\/box-service.jpg\u00a0\u00bb image_size=\u00a0\u00bbfull\u00a0\u00bb align=\u00a0\u00bbcenter\u00a0\u00bb margin_bottom=\u00a0\u00bb30&Prime;][mk_fancy_title tag_name=\u00a0\u00bbh5&Prime; color=\u00a0\u00bb#ffffff\u00a0\u00bb size=\u00a0\u00bb18&Prime; font_weight=\u00a0\u00bbbold\u00a0\u00bb txt_transform=\u00a0\u00bbuppercase\u00a0\u00bb margin_bottom=\u00a0\u00bb0&Prime; font_family=\u00a0\u00bbLato\u00a0\u00bb font_type=\u00a0\u00bbgoogle\u00a0\u00bb align=\u00a0\u00bbcenter\u00a0\u00bb]Service[\/mk_fancy_title][vc_column_text align=\u00a0\u00bbcenter\u00a0\u00bb css=\u00a0\u00bb.vc_custom_1518629527737{margin-bottom: 0px !important;}\u00a0\u00bb]<span style=\"color: #ffffff;\">En entreprise ou sur la route, Euro L.S. est en mesure de r\u00e9soudre tout probl\u00e8me m\u00e9canique, hydraulique ou \u00e9lectrique. Dans la majorit\u00e9 des cas, les appels de service&#8230;<\/span>[\/vc_column_text][mk_button dimension=\u00a0\u00bbflat\u00a0\u00bb size=\u00a0\u00bbmedium\u00a0\u00bb url=\u00a0\u00bb\/service\/\u00a0\u00bb align=\u00a0\u00bbcenter\u00a0\u00bb bg_color=\u00a0\u00bb#ffffff\u00a0\u00bb btn_hover_bg=\u00a0\u00bb#ffffff\u00a0\u00bb text_color=\u00a0\u00bbdark\u00a0\u00bb btn_hover_txt_color=\u00a0\u00bb#ed4622&Prime;]D\u00c9TAILS[\/mk_button][\/mk_custom_box][\/vc_column][vc_column width=\u00a0\u00bb1\/4&Prime;][mk_custom_box padding_vertical=\u00a0\u00bb10&Prime; padding_horizental=\u00a0\u00bb10&Prime; el_class=\u00a0\u00bbbox-holder-home\u00a0\u00bb bg_color=\u00a0\u00bb#e2032f\u00a0\u00bb background_hov_color_style=\u00a0\u00bbimage\u00a0\u00bb bg_hov_color=\u00a0\u00bb#959aa6&Prime; bg_stretch=\u00a0\u00bbfalse\u00a0\u00bb][mk_image src=\u00a0\u00bbhttp:\/\/eurols.com\/wp-content\/uploads\/2018\/06\/parts-head.jpg\u00a0\u00bb image_size=\u00a0\u00bbfull\u00a0\u00bb align=\u00a0\u00bbcenter\u00a0\u00bb margin_bottom=\u00a0\u00bb30&Prime;][mk_fancy_title tag_name=\u00a0\u00bbh5&Prime; color=\u00a0\u00bb#ffffff\u00a0\u00bb size=\u00a0\u00bb18&Prime; font_weight=\u00a0\u00bbbold\u00a0\u00bb txt_transform=\u00a0\u00bbuppercase\u00a0\u00bb margin_bottom=\u00a0\u00bb0&Prime; font_family=\u00a0\u00bbLato\u00a0\u00bb font_type=\u00a0\u00bbgoogle\u00a0\u00bb align=\u00a0\u00bbcenter\u00a0\u00bb]PI\u00c8CES[\/mk_fancy_title][vc_column_text align=\u00a0\u00bbcenter\u00a0\u00bb css=\u00a0\u00bb.vc_custom_1518629918472{margin-bottom: 0px !important;}\u00a0\u00bb]<span style=\"color: #ffffff;\">Nous offrons des prix comp\u00e9titifs sur les pi\u00e8ces de rechange. Des pi\u00e8ces originales, r\u00e9usin\u00e9es et usag\u00e9es sont disponibles. Toutes les marques, tous les mod\u00e8les&#8230;<\/span>[\/vc_column_text][mk_button dimension=\u00a0\u00bbflat\u00a0\u00bb size=\u00a0\u00bbmedium\u00a0\u00bb url=\u00a0\u00bb\/parts\/\u00a0\u00bb align=\u00a0\u00bbcenter\u00a0\u00bb bg_color=\u00a0\u00bb#ffffff\u00a0\u00bb btn_hover_bg=\u00a0\u00bb#ffffff\u00a0\u00bb text_color=\u00a0\u00bbdark\u00a0\u00bb btn_hover_txt_color=\u00a0\u00bb#ed4622&Prime;]D\u00c9TAILS[\/mk_button][\/mk_custom_box][\/vc_column][vc_column width=\u00a0\u00bb1\/4&Prime;][mk_custom_box padding_vertical=\u00a0\u00bb10&Prime; padding_horizental=\u00a0\u00bb10&Prime; el_class=\u00a0\u00bbbox-holder-home\u00a0\u00bb bg_color=\u00a0\u00bb#e2032f\u00a0\u00bb background_hov_color_style=\u00a0\u00bbimage\u00a0\u00bb bg_hov_color=\u00a0\u00bb#959aa6&Prime; bg_stretch=\u00a0\u00bbfalse\u00a0\u00bb][mk_image src=\u00a0\u00bbhttp:\/\/eurols.com\/wp-content\/uploads\/2018\/02\/sales.jpg\u00a0\u00bb image_size=\u00a0\u00bbfull\u00a0\u00bb align=\u00a0\u00bbcenter\u00a0\u00bb margin_bottom=\u00a0\u00bb30&Prime;][mk_fancy_title tag_name=\u00a0\u00bbh5&Prime; color=\u00a0\u00bb#ffffff\u00a0\u00bb size=\u00a0\u00bb18&Prime; font_weight=\u00a0\u00bbbold\u00a0\u00bb txt_transform=\u00a0\u00bbuppercase\u00a0\u00bb margin_bottom=\u00a0\u00bb0&Prime; font_family=\u00a0\u00bbLato\u00a0\u00bb font_type=\u00a0\u00bbgoogle\u00a0\u00bb align=\u00a0\u00bbcenter\u00a0\u00bb]VENTES[\/mk_fancy_title][vc_column_text align=\u00a0\u00bbcenter\u00a0\u00bb css=\u00a0\u00bb.vc_custom_1518727960386{margin-bottom: 0px !important;}\u00a0\u00bb]<span style=\"color: #ffffff;\">Vous cherchez de l&rsquo;\u00e9quipement de manutention neuf, usag\u00e9 ou r\u00e9usin\u00e9? N&rsquo;allez pas plus loin : Euro L.S. peut r\u00e9pondre \u00e0 tous vos besoins de manutention. Toutes les unit\u00e9s usag\u00e9es sont disponibles!&#8230;<\/span>[\/vc_column_text][mk_button dimension=\u00a0\u00bbflat\u00a0\u00bb size=\u00a0\u00bbmedium\u00a0\u00bb url=\u00a0\u00bb\/sales\/\u00a0\u00bb align=\u00a0\u00bbcenter\u00a0\u00bb bg_color=\u00a0\u00bb#ffffff\u00a0\u00bb btn_hover_bg=\u00a0\u00bb#ffffff\u00a0\u00bb text_color=\u00a0\u00bbdark\u00a0\u00bb btn_hover_txt_color=\u00a0\u00bb#ed4622&Prime;]D\u00c9TAILS[\/mk_button][\/mk_custom_box][\/vc_column][\/vc_row][vc_row][vc_column][mk_padding_divider size=\u00a0\u00bb150&Prime;][\/vc_column][\/vc_row][mk_page_section bg_image=\u00a0\u00bbhttp:\/\/eurols.com\/wp-content\/uploads\/2017\/12\/forklift-parts2.jpg\u00a0\u00bb bg_position=\u00a0\u00bbcenter center\u00a0\u00bb bg_repeat=\u00a0\u00bbno-repeat\u00a0\u00bb bg_stretch=\u00a0\u00bbtrue\u00a0\u00bb video_color_mask=\u00a0\u00bbrgba(250,248,242,0.9)\u00a0\u00bb video_opacity=\u00a0\u00bb0.9&Prime; top_shadow=\u00a0\u00bbtrue\u00a0\u00bb padding_top=\u00a0\u00bb160&Prime; padding_bottom=\u00a0\u00bb120&Prime; has_top_shape_divider=\u00a0\u00bbtrue\u00a0\u00bb top_shape_color=\u00a0\u00bb#ffffff\u00a0\u00bb top_shape_bg_color=\u00a0\u00bbrgba(0,0,0,0.01)\u00a0\u00bb has_bottom_shape_divider=\u00a0\u00bbtrue\u00a0\u00bb bottom_shape_color=\u00a0\u00bb#ffffff\u00a0\u00bb bottom_shape_bg_color=\u00a0\u00bbrgba(255,255,255,0.01)\u00a0\u00bb sidebar=\u00a0\u00bbsidebar-1&Prime;][vc_column width=\u00a0\u00bb1\/2&Prime;][vc_row_inner][vc_column_inner][mk_fancy_title tag_name=\u00a0\u00bbh3&Prime; color=\u00a0\u00bb#e2032f\u00a0\u00bb size=\u00a0\u00bb50&Prime; line_height=\u00a0\u00bb90&Prime; font_weight=\u00a0\u00bbbold\u00a0\u00bb txt_transform=\u00a0\u00bbcapitalize\u00a0\u00bb margin_bottom=\u00a0\u00bb0&Prime; font_family=\u00a0\u00bbLato\u00a0\u00bb font_type=\u00a0\u00bbgoogle\u00a0\u00bb el_class=\u00a0\u00bbno-cap\u00a0\u00bb]5 bonnes raisons de choisir Euro L.S[\/mk_fancy_title][mk_fancy_title tag_name=\u00a0\u00bbh4&Prime; color=\u00a0\u00bb#e2032f\u00a0\u00bb size=\u00a0\u00bb45&Prime; line_height=\u00a0\u00bb90&Prime; font_weight=\u00a0\u00bb300&Prime; txt_transform=\u00a0\u00bbcapitalize\u00a0\u00bb margin_bottom=\u00a0\u00bb0&Prime; font_family=\u00a0\u00bbLato\u00a0\u00bb font_type=\u00a0\u00bbgoogle\u00a0\u00bb]to choose Euro L.S. Inc.[\/mk_fancy_title][mk_padding_divider][mk_icon_box icon=\u00a0\u00bbmk-icon-angle-right\u00a0\u00bb title=\u00a0\u00bbCOMP\u00c9TENCE\u00a0\u00bb text_size=\u00a0\u00bb18&Prime; font_weight=\u00a0\u00bbbold\u00a0\u00bb style=\u00a0\u00bbsimple_ultimate\u00a0\u00bb icon_size=\u00a0\u00bbmedium\u00a0\u00bb icon_color=\u00a0\u00bb\u00a0\u00bb title_color=\u00a0\u00bb#003161&Prime; txt_color=\u00a0\u00bb#555555&Prime; margin=\u00a0\u00bb20&Prime;]Nous cumulons plus de 100 ans d&rsquo;exp\u00e9rience en chariot \u00e9l\u00e9vateur.[\/mk_icon_box][mk_icon_box icon=\u00a0\u00bbmk-icon-angle-right\u00a0\u00bb title=\u00a0\u00bb CONFIANCE\u00a0\u00bb text_size=\u00a0\u00bb18&Prime; font_weight=\u00a0\u00bbbold\u00a0\u00bb style=\u00a0\u00bbsimple_ultimate\u00a0\u00bb icon_size=\u00a0\u00bbmedium\u00a0\u00bb icon_color=\u00a0\u00bb\u00a0\u00bb title_color=\u00a0\u00bb#003161&Prime; txt_color=\u00a0\u00bb#555555&Prime; margin=\u00a0\u00bb20&Prime;]Fond\u00e9e en 1989, notre entreprise est en croissance constante.[\/mk_icon_box][mk_icon_box icon=\u00a0\u00bbmk-icon-angle-right\u00a0\u00bb title=\u00a0\u00bbSERVICE PERSONNALIS\u00c9\u00a0\u00bb text_size=\u00a0\u00bb18&Prime; font_weight=\u00a0\u00bbbold\u00a0\u00bb style=\u00a0\u00bbsimple_ultimate\u00a0\u00bb icon_size=\u00a0\u00bbmedium\u00a0\u00bb icon_color=\u00a0\u00bb\u00a0\u00bb title_color=\u00a0\u00bb#003161&Prime; txt_color=\u00a0\u00bb#555555&Prime; margin=\u00a0\u00bb20&Prime;]Entreprise familiale assurant un service exceptionnel ax\u00e9 sur les solutions.[\/mk_icon_box][mk_icon_box icon=\u00a0\u00bbmk-icon-angle-right\u00a0\u00bb title=\u00a0\u00bbLARGE \u00c9VENTAIL D&rsquo;\u00c9QUIPEMENTS\u00a0\u00bb text_size=\u00a0\u00bb18&Prime; font_weight=\u00a0\u00bbbold\u00a0\u00bb style=\u00a0\u00bbsimple_ultimate\u00a0\u00bb icon_size=\u00a0\u00bbmedium\u00a0\u00bb icon_color=\u00a0\u00bb\u00a0\u00bb title_color=\u00a0\u00bb#003161&Prime; txt_color=\u00a0\u00bb#555555&Prime; margin=\u00a0\u00bb20&Prime;]Nous poss\u00e9dons un des plus grands stocks de location de chariots \u00e9l\u00e9vateurs dans la r\u00e9gion de Montr\u00e9al.[\/mk_icon_box][mk_icon_box icon=\u00a0\u00bbmk-icon-angle-right\u00a0\u00bb title=\u00a0\u00bbPERSONNEL ENGAG\u00c9\u00a0\u00bb text_size=\u00a0\u00bb18&Prime; font_weight=\u00a0\u00bbbold\u00a0\u00bb style=\u00a0\u00bbsimple_ultimate\u00a0\u00bb icon_size=\u00a0\u00bbmedium\u00a0\u00bb icon_color=\u00a0\u00bb\u00a0\u00bb title_color=\u00a0\u00bb#003161&Prime; txt_color=\u00a0\u00bb#555555&Prime; margin=\u00a0\u00bb20&Prime;]Tous nos employ\u00e9s sont professionnels, qualifi\u00e9s et engag\u00e9s \u00e0 trouver des solutions \u00e0 vos besoins de manutention.[\/mk_icon_box][\/vc_column_inner][\/vc_row_inner][\/vc_column][vc_column width=\u00a0\u00bb1\/2&Prime;][vc_row_inner][vc_column_inner][mk_padding_divider size=\u00a0\u00bb20&Prime; visibility=\u00a0\u00bbvisible-sm\u00a0\u00bb][mk_fancy_title tag_name=\u00a0\u00bbh3&Prime; color=\u00a0\u00bb#e2032f\u00a0\u00bb size=\u00a0\u00bb30&Prime; force_font_size=\u00a0\u00bbtrue\u00a0\u00bb size_phone=\u00a0\u00bb20&Prime; font_weight=\u00a0\u00bbbold\u00a0\u00bb margin_bottom=\u00a0\u00bb0&Prime; font_family=\u00a0\u00bbLato\u00a0\u00bb font_type=\u00a0\u00bbgoogle\u00a0\u00bb align=\u00a0\u00bbcenter\u00a0\u00bb]Euro L.S. est un revendeur de chariots \u00e9l\u00e9vateurs<br \/>\noffrant des services complets \u00e0 Montr\u00e9al:[\/mk_fancy_title][mk_padding_divider][\/vc_column_inner][\/vc_row_inner][vc_row_inner][vc_column_inner width=\u00a0\u00bb1\/2&Prime;][mk_icon_box2 icon_size=\u00a0\u00bb48&Prime; icon=\u00a0\u00bbmk-icon-dollar\u00a0\u00bb icon_color=\u00a0\u00bb#e2032f\u00a0\u00bb title=\u00a0\u00bbPRIX\u00a0\u00bb title_size=\u00a0\u00bb18&Prime; title_weight=\u00a0\u00bbbold\u00a0\u00bb title_color=\u00a0\u00bb#003161&Prime; title_top_padding=\u00a0\u00bb0&Prime; title_bottom_padding=\u00a0\u00bb20&Prime; description_color=\u00a0\u00bb#555555&Prime;]Taux horaire abordable.\u00a0 Communiquez avec nous pour plus de renseignements.[\/mk_icon_box2][mk_icon_box2 icon_size=\u00a0\u00bb48&Prime; icon=\u00a0\u00bbmk-icon-truck\u00a0\u00bb icon_color=\u00a0\u00bb#e2032f\u00a0\u00bb title=\u00a0\u00bbservice\u00a0\u00bb title_size=\u00a0\u00bb18&Prime; title_weight=\u00a0\u00bbbold\u00a0\u00bb title_color=\u00a0\u00bb#003161&Prime; title_top_padding=\u00a0\u00bb0&Prime; title_bottom_padding=\u00a0\u00bb20&Prime; description_color=\u00a0\u00bb#555555&Prime;]Appels de service d&rsquo;urgence, programmes d&rsquo;entretien pr\u00e9ventif, (5) rapports sur les gaz d&rsquo;\u00e9chappement.[\/mk_icon_box2][\/vc_column_inner][vc_column_inner width=\u00a0\u00bb1\/2&Prime;][mk_icon_box2 icon_size=\u00a0\u00bb48&Prime; icon=\u00a0\u00bbmk-icon-headphones\u00a0\u00bb icon_color=\u00a0\u00bb#e2032f\u00a0\u00bb title=\u00a0\u00bbS\u00c9CURIT\u00c9\u00a0\u00bb title_size=\u00a0\u00bb18&Prime; title_weight=\u00a0\u00bbbold\u00a0\u00bb title_color=\u00a0\u00bb#003161&Prime; title_top_padding=\u00a0\u00bb0&Prime; title_bottom_padding=\u00a0\u00bb39&Prime; description_color=\u00a0\u00bb#555555&Prime;]Safety of our customers and employees is our number one priority.[\/mk_icon_box2][mk_icon_box2 icon_type=\u00a0\u00bbimage\u00a0\u00bb icon_size=\u00a0\u00bbinherit\u00a0\u00bb icon_image=\u00a0\u00bbhttps:\/\/eurols.com\/wp-content\/uploads\/2018\/02\/forklift3.png\u00a0\u00bb title=\u00a0\u00bbSTOCKS\u00a0\u00bb title_size=\u00a0\u00bb18&Prime; title_weight=\u00a0\u00bbbold\u00a0\u00bb title_color=\u00a0\u00bb#003161&Prime; title_top_padding=\u00a0\u00bb0&Prime; title_bottom_padding=\u00a0\u00bb20&Prime; description_color=\u00a0\u00bb#555555&Prime; el_class=\u00a0\u00bbforkin\u00a0\u00bb]Grand choix d&rsquo;\u00e9quipements de manutention.\u00a0 Communiquez avec nous pour trouver ce que vous cherchez.[\/mk_icon_box2][\/vc_column_inner][\/vc_row_inner][\/vc_column][\/mk_page_section][vc_row][vc_column][mk_padding_divider size=\u00a0\u00bb120&Prime;][\/vc_column][\/vc_row][vc_row fullwidth=\u00a0\u00bbtrue\u00a0\u00bb fullwidth_content=\u00a0\u00bbfalse\u00a0\u00bb][vc_column][mk_fancy_title color=\u00a0\u00bb#e2032f\u00a0\u00bb size=\u00a0\u00bb40&Prime; font_weight=\u00a0\u00bb400&Prime; txt_transform=\u00a0\u00bbcapitalize\u00a0\u00bb margin_bottom=\u00a0\u00bb0&Prime; font_family=\u00a0\u00bbLato\u00a0\u00bb font_type=\u00a0\u00bbgoogle\u00a0\u00bb align=\u00a0\u00bbcenter\u00a0\u00bb]T\u00e9moignages[\/mk_fancy_title][mk_divider style=\u00a0\u00bbthin_solid\u00a0\u00bb divider_width=\u00a0\u00bbcustom_width\u00a0\u00bb custom_width=\u00a0\u00bb110&Prime; thin_single_color=\u00a0\u00bb#e2032f\u00a0\u00bb thickness=\u00a0\u00bb3&Prime; margin_top=\u00a0\u00bb10&Prime; margin_bottom=\u00a0\u00bb60&Prime;][mk_testimonials style=\u00a0\u00bbmodern\u00a0\u00bb show_as=\u00a0\u00bbcolumn\u00a0\u00bb count=\u00a0\u00bb3&Prime;][\/vc_column][\/vc_row][vc_row][vc_column][mk_padding_divider size=\u00a0\u00bb120&Prime;][\/vc_column][\/vc_row][mk_page_section bg_image=\u00a0\u00bbhttp:\/\/eurols.com\/wp-content\/uploads\/2017\/12\/93852-c3768044.w1900.jpg\u00a0\u00bb bg_color=\u00a0\u00bb#e2032f\u00a0\u00bb blend_mode=\u00a0\u00bbmultiply\u00a0\u00bb bg_position=\u00a0\u00bbcenter center\u00a0\u00bb bg_repeat=\u00a0\u00bbno-repeat\u00a0\u00bb bg_stretch=\u00a0\u00bbtrue\u00a0\u00bb video_opacity=\u00a0\u00bb0.9&Prime; min_height=\u00a0\u00bb0&Prime; padding_top=\u00a0\u00bb60&Prime; padding_bottom=\u00a0\u00bb90&Prime; has_top_shape_divider=\u00a0\u00bbtrue\u00a0\u00bb top_shape_color=\u00a0\u00bb#ffffff\u00a0\u00bb top_shape_bg_color=\u00a0\u00bbrgba(0,0,0,0.01)\u00a0\u00bb has_bottom_shape_divider=\u00a0\u00bbtrue\u00a0\u00bb bottom_shape_color=\u00a0\u00bb#ffffff\u00a0\u00bb bottom_shape_bg_color=\u00a0\u00bbrgba(255,255,255,0.01)\u00a0\u00bb sidebar=\u00a0\u00bbsidebar-1&Prime;][vc_column][mk_fancy_title color=\u00a0\u00bb#ffffff\u00a0\u00bb size=\u00a0\u00bb40&Prime; force_font_size=\u00a0\u00bbtrue\u00a0\u00bb size_phone=\u00a0\u00bb30&Prime; font_weight=\u00a0\u00bb400&Prime; txt_transform=\u00a0\u00bbcapitalize\u00a0\u00bb margin_bottom=\u00a0\u00bb0&Prime; font_family=\u00a0\u00bbLato\u00a0\u00bb font_type=\u00a0\u00bbgoogle\u00a0\u00bb align=\u00a0\u00bbcenter\u00a0\u00bb]Partnerships[\/mk_fancy_title][mk_divider style=\u00a0\u00bbthin_solid\u00a0\u00bb divider_width=\u00a0\u00bbcustom_width\u00a0\u00bb custom_width=\u00a0\u00bb110&Prime; thin_single_color=\u00a0\u00bb#ffffff\u00a0\u00bb thickness=\u00a0\u00bb3&Prime; margin_top=\u00a0\u00bb10&Prime; margin_bottom=\u00a0\u00bb60&Prime;][mk_clients count=\u00a0\u00bb-1&Prime; orderby=\u00a0\u00bbrand\u00a0\u00bb height=\u00a0\u00bb160&Prime; margin_bottom=\u00a0\u00bb10&Prime;][\/vc_column][\/mk_page_section][vc_row][vc_column][mk_padding_divider size=\u00a0\u00bb60&Prime;][\/vc_column][\/vc_row][vc_row][vc_column width=\u00a0\u00bb5\/12&Prime;][mk_padding_divider size=\u00a0\u00bb300&Prime;][vc_single_image image=\u00a0\u00bb970&Prime; img_size=\u00a0\u00bbfull\u00a0\u00bb alignment=\u00a0\u00bbcenter\u00a0\u00bb css_animation=\u00a0\u00bbfadeInLeft\u00a0\u00bb][\/vc_column][vc_column width=\u00a0\u00bb7\/12&Prime;][mk_padding_divider size=\u00a0\u00bb160&Prime;][mk_fancy_title color=\u00a0\u00bb#e2032f\u00a0\u00bb size=\u00a0\u00bb40&Prime; font_weight=\u00a0\u00bb400&Prime; txt_transform=\u00a0\u00bbcapitalize\u00a0\u00bb margin_bottom=\u00a0\u00bb0&Prime; font_family=\u00a0\u00bbLato\u00a0\u00bb font_type=\u00a0\u00bbgoogle\u00a0\u00bb align=\u00a0\u00bbcenter\u00a0\u00bb el_class=\u00a0\u00bbno-cap\u00a0\u00bb]<span id=\"result_box\" class=\"short_text\" lang=\"fr\"><span class=\"\">Des questions?<\/span><\/span>[\/mk_fancy_title][mk_divider style=\u00a0\u00bbthin_solid\u00a0\u00bb divider_width=\u00a0\u00bbcustom_width\u00a0\u00bb custom_width=\u00a0\u00bb110&Prime; thin_single_color=\u00a0\u00bb#e2032f\u00a0\u00bb thickness=\u00a0\u00bb3&Prime; margin_top=\u00a0\u00bb10&Prime; margin_bottom=\u00a0\u00bb60&Prime;][mk_contact_form style=\u00a0\u00bbcorporate\u00a0\u00bb bg_color=\u00a0\u00bbrgba(237,215,213,0.18)\u00a0\u00bb border_color=\u00a0\u00bb#e5e5e5&Prime; button_color=\u00a0\u00bb#e2032f\u00a0\u00bb button_font_color=\u00a0\u00bb#ffffff\u00a0\u00bb email=\u00a0\u00bbinfo@eurols.com\u00a0\u00bb phone=\u00a0\u00bbtrue\u00a0\u00bb][\/vc_column][\/vc_row][vc_row][vc_column][mk_padding_divider size=\u00a0\u00bb60&Prime;][\/vc_column][\/vc_row][mk_page_section bg_color=\u00a0\u00bb#e2032f\u00a0\u00bb full_width=\u00a0\u00bbtrue\u00a0\u00bb has_top_shape_divider=\u00a0\u00bbtrue\u00a0\u00bb top_shape_color=\u00a0\u00bb#ffffff\u00a0\u00bb top_shape_bg_color=\u00a0\u00bb#e2032f\u00a0\u00bb bottom_shape_color=\u00a0\u00bb#ffffff\u00a0\u00bb sidebar=\u00a0\u00bbsidebar-1&Prime;][vc_column width=\u00a0\u00bb2\/12&Prime;][\/vc_column][vc_column width=\u00a0\u00bb5\/12&Prime;][mk_padding_divider size=\u00a0\u00bb60&Prime;][mk_fancy_title tag_name=\u00a0\u00bbh3&Prime; color=\u00a0\u00bb#ed4622&Prime; size=\u00a0\u00bb30&Prime; force_font_size=\u00a0\u00bbtrue\u00a0\u00bb size_tablet=\u00a0\u00bb20&Prime; size_phone=\u00a0\u00bb15&Prime; line_height=\u00a0\u00bb90&Prime; font_weight=\u00a0\u00bbbold\u00a0\u00bb txt_transform=\u00a0\u00bbcapitalize\u00a0\u00bb margin_bottom=\u00a0\u00bb0&Prime; font_family=\u00a0\u00bbLato\u00a0\u00bb font_type=\u00a0\u00bbgoogle\u00a0\u00bb align=\u00a0\u00bbcenter\u00a0\u00bb el_class=\u00a0\u00bbno-cap\u00a0\u00bb]<span style=\"color: #fde438;\">Questions?<\/span> <span style=\"color: #ffffff;\">Appelez-nous au : (514) 335-4070<\/span>[\/mk_fancy_title][\/vc_column][vc_column width=\u00a0\u00bb2\/12&Prime;][mk_padding_divider size=\u00a0\u00bb50&Prime;][mk_button dimension=\u00a0\u00bbflat\u00a0\u00bb size=\u00a0\u00bblarge\u00a0\u00bb url=\u00a0\u00bb\/contact-us\/\u00a0\u00bb margin_right=\u00a0\u00bb0&Prime; bg_color=\u00a0\u00bb#fde438&Prime; text_color=\u00a0\u00bbdark\u00a0\u00bb btn_hover_txt_color=\u00a0\u00bb#ed4622&Prime;]NOUS CONTACTER[\/mk_button][\/vc_column][vc_column width=\u00a0\u00bb3\/12&Prime;][\/vc_column][\/mk_page_section]\n","protected":false},"excerpt":{"rendered":"<p>[vc_row][vc_column][mk_layerslider id=\u00a0\u00bb2&Prime;][\/vc_column][\/vc_row][vc_row][vc_column][mk_padding_divider size=\u00a0\u00bb140&Prime; visibility=\u00a0\u00bbhidden-sm\u00a0\u00bb][mk_padding_divider size=\u00a0\u00bb60&Prime; visibility=\u00a0\u00bbvisible-sm\u00a0\u00bb][\/vc_column][\/vc_row][vc_row][vc_column][mk_fancy_title color=\u00a0\u00bb#e2032f\u00a0\u00bb size=\u00a0\u00bb60&Prime; force_font_size=\u00a0\u00bbtrue\u00a0\u00bb size_tablet=\u00a0\u00bb30&Prime; size_phone=\u00a0\u00bb30&Prime; font_weight=\u00a0\u00bbbold\u00a0\u00bb txt_transform=\u00a0\u00bbcapitalize\u00a0\u00bb margin_bottom=\u00a0\u00bb0&Prime; font_family=\u00a0\u00bbLato\u00a0\u00bb font_type=\u00a0\u00bbgoogle\u00a0\u00bb align=\u00a0\u00bbcenter\u00a0\u00bb el_class=\u00a0\u00bbno-cap\u00a0\u00bb]Service hors pair[\/mk_fancy_title][mk_divider style=\u00a0\u00bbthin_solid\u00a0\u00bb divider_width=\u00a0\u00bbcustom_width\u00a0\u00bb custom_width=\u00a0\u00bb200&Prime; thin_single_color=\u00a0\u00bb#e2032f\u00a0\u00bb thickness=\u00a0\u00bb3&Prime; margin_top=\u00a0\u00bb10&Prime; margin_bottom=\u00a0\u00bb60&Prime;][vc_row_inner][vc_column_inner][vc_column_text disable_pattern=\u00a0\u00bbfalse\u00a0\u00bb align=\u00a0\u00bbcenter\u00a0\u00bb css=\u00a0\u00bb.vc_custom_1519230538339{margin-bottom: 0px !important;}\u00a0\u00bb] Vous cherchez un fournisseur cl\u00e9 en main pour combler vos besoins de manutention? Ne cherchez plus! Euro L.S. inc. est un chef de [&hellip;]<\/p>\n","protected":false},"author":1,"featured_media":0,"parent":0,"menu_order":0,"comment_status":"closed","ping_status":"closed","template":"","meta":[],"_links":{"self":[{"href":"https:\/\/eurols.com\/fr\/wp-json\/wp\/v2\/pages\/1249"}],"collection":[{"href":"https:\/\/eurols.com\/fr\/wp-json\/wp\/v2\/pages"}],"about":[{"href":"https:\/\/eurols.com\/fr\/wp-json\/wp\/v2\/types\/page"}],"author":[{"embeddable":true,"href":"https:\/\/eurols.com\/fr\/wp-json\/wp\/v2\/users\/1"}],"replies":[{"embeddable":true,"href":"https:\/\/eurols.com\/fr\/wp-json\/wp\/v2\/comments?post=1249"}],"version-history":[{"count":49,"href":"https:\/\/eurols.com\/fr\/wp-json\/wp\/v2\/pages\/1249\/revisions"}],"predecessor-version":[{"id":1697,"href":"https:\/\/eurols.com\/fr\/wp-json\/wp\/v2\/pages\/1249\/revisions\/1697"}],"wp:attachment":[{"href":"https:\/\/eurols.com\/fr\/wp-json\/wp\/v2\/media?parent=1249"}],"curies":[{"name":"wp","href":"https:\/\/api.w.org\/{rel}","templated":true}]}}