{"id":1244,"date":"2016-03-23T08:34:24","date_gmt":"2016-03-23T08:34:24","guid":{"rendered":"http:\/\/eurols.com\/about-us\/"},"modified":"2020-02-05T15:00:53","modified_gmt":"2020-02-05T15:00:53","slug":"about-us","status":"publish","type":"page","link":"https:\/\/eurols.com\/fr\/about-us\/","title":{"rendered":"\u00c0 propos"},"content":{"rendered":"[mk_page_section bg_image=\u00a0\u00bbhttp:\/\/eurols.com\/wp-content\/uploads\/2018\/06\/about-us.jpg\u00a0\u00bb bg_position=\u00a0\u00bbcenter center\u00a0\u00bb bg_repeat=\u00a0\u00bbno-repeat\u00a0\u00bb bg_stretch=\u00a0\u00bbtrue\u00a0\u00bb min_height=\u00a0\u00bb450&Prime; sidebar=\u00a0\u00bbsidebar-1&Prime;][vc_column][\/vc_column][\/mk_page_section][vc_row][vc_column][mk_padding_divider size=\u00a0\u00bb120&Prime;][\/vc_column][\/vc_row][vc_row][vc_column][mk_fancy_title color=\u00a0\u00bb#e2032f\u00a0\u00bb size=\u00a0\u00bb60&Prime; font_weight=\u00a0\u00bbbold\u00a0\u00bb txt_transform=\u00a0\u00bbcapitalize\u00a0\u00bb margin_bottom=\u00a0\u00bb0&Prime; font_family=\u00a0\u00bbLato\u00a0\u00bb font_type=\u00a0\u00bbgoogle\u00a0\u00bb align=\u00a0\u00bbcenter\u00a0\u00bb el_class=\u00a0\u00bbno-cap\u00a0\u00bb]\u00c0 propos d&rsquo;Euro L.S.[\/mk_fancy_title][mk_divider style=\u00a0\u00bbthin_solid\u00a0\u00bb divider_width=\u00a0\u00bbcustom_width\u00a0\u00bb custom_width=\u00a0\u00bb110&Prime; thin_single_color=\u00a0\u00bb#e2032f\u00a0\u00bb thickness=\u00a0\u00bb3&Prime; margin_top=\u00a0\u00bb10&Prime; margin_bottom=\u00a0\u00bb60&Prime;][vc_row_inner][vc_column_inner][vc_column_text css=\u00a0\u00bb.vc_custom_1519230659674{margin-bottom: 0px !important;}\u00a0\u00bb]\n<p style=\"text-align: center; font-size: 22px; line-height: 1.30em;\"><em>Euro L.S. Les sp\u00e9cialistes des chariots \u00e9l\u00e9vateurs!<\/em><\/p>\n<p style=\"text-align: center; font-size: 22px; line-height: 1.30em; color: #999999;\">Desservant la r\u00e9gion de Montr\u00e9al depuis 1989, Euro L.S. est une entreprise familiale qui se d\u00e9marque par son service exceptionnel et personnalis\u00e9. Fond\u00e9e par un individu, Euro L.S. a connu une croissance soutenue et est devenue un chef de file de l&rsquo;industrie des chariots \u00e9l\u00e9vateurs. R\u00e9parations sur place ou en entreprise, locations court ou long terme, \u00e9quipements neufs ou usag\u00e9s, Euro L.S. est en mesure de satisfaire tous vos besoins de manutention.<\/p>\n[\/vc_column_text][\/vc_column_inner][\/vc_row_inner][\/vc_column][\/vc_row][vc_row][vc_column][mk_padding_divider size=\u00a0\u00bb120&Prime;][\/vc_column][\/vc_row][mk_page_section bg_color=\u00a0\u00bb#faf8f2&Prime; bg_repeat=\u00a0\u00bbno-repeat\u00a0\u00bb padding_top=\u00a0\u00bb140&Prime; padding_bottom=\u00a0\u00bb120&Prime; sidebar=\u00a0\u00bbsidebar-1&Prime;][vc_column][mk_fancy_title tag_name=\u00a0\u00bbh1&Prime; color=\u00a0\u00bb#e2032f\u00a0\u00bb size=\u00a0\u00bb40&Prime; font_weight=\u00a0\u00bbbold\u00a0\u00bb txt_transform=\u00a0\u00bbcapitalize\u00a0\u00bb margin_bottom=\u00a0\u00bb0&Prime; font_family=\u00a0\u00bbLato\u00a0\u00bb font_type=\u00a0\u00bbgoogle\u00a0\u00bb align=\u00a0\u00bbcenter\u00a0\u00bb]Objectif[\/mk_fancy_title][mk_divider style=\u00a0\u00bbthin_solid\u00a0\u00bb divider_width=\u00a0\u00bbcustom_width\u00a0\u00bb custom_width=\u00a0\u00bb110&Prime; thin_single_color=\u00a0\u00bb#e2032f\u00a0\u00bb thickness=\u00a0\u00bb3&Prime; margin_top=\u00a0\u00bb10&Prime; margin_bottom=\u00a0\u00bb60&Prime;][vc_row_inner][vc_column_inner width=\u00a0\u00bb2\/3&Prime;][vc_column_text css=\u00a0\u00bb.vc_custom_1519266733526{margin-bottom: 0px !important;}\u00a0\u00bb]\n<p style=\"font-size: 22px; line-height: 1.30em; text-align: justify;\">L&rsquo;entretien, la location et la vente d&rsquo;\u00e9quipements de manutention est notre travail. Pr\u00e9venir les accidents constitue notre mandat. La s\u00e9curit\u00e9 de nos clients et de nos employ\u00e9s est, et sera toujours, notre priorit\u00e9 absolue. Nous sommes fiers de dire que, depuis pr\u00e8s de 30 ans en affaires, nous avons connu Z\u00c9RO accident de travail.<\/p>\n[\/vc_column_text][\/vc_column_inner][vc_column_inner width=\u00a0\u00bb1\/3&Prime;][mk_chart percent=\u00a0\u00bb100&Prime; track_color=\u00a0\u00bb#f4c0b0&Prime; line_width=\u00a0\u00bb6&Prime; bar_size=\u00a0\u00bb175&Prime; content_type=\u00a0\u00bbcustom_text\u00a0\u00bb custom_text=\u00a0\u00bbS\u00c9CURIT\u00c9 \u00c0 100%\u00a0\u00bb desc_color=\u00a0\u00bb#444444&Prime;][\/vc_column_inner][\/vc_row_inner][\/vc_column][\/mk_page_section][vc_row][vc_column][mk_padding_divider size=\u00a0\u00bb120&Prime;][\/vc_column][\/vc_row][vc_row][vc_column][mk_fancy_title tag_name=\u00a0\u00bbh1&Prime; color=\u00a0\u00bb#e2032f\u00a0\u00bb size=\u00a0\u00bb40&Prime; font_weight=\u00a0\u00bbbold\u00a0\u00bb txt_transform=\u00a0\u00bbcapitalize\u00a0\u00bb margin_bottom=\u00a0\u00bb0&Prime; font_family=\u00a0\u00bbLato\u00a0\u00bb font_type=\u00a0\u00bbgoogle\u00a0\u00bb align=\u00a0\u00bbcenter\u00a0\u00bb]Personnel[\/mk_fancy_title][mk_divider style=\u00a0\u00bbthin_solid\u00a0\u00bb divider_width=\u00a0\u00bbcustom_width\u00a0\u00bb custom_width=\u00a0\u00bb110&Prime; thin_single_color=\u00a0\u00bb#e2032f\u00a0\u00bb thickness=\u00a0\u00bb3&Prime; margin_top=\u00a0\u00bb10&Prime; margin_bottom=\u00a0\u00bb60&Prime;][mk_employees style=\u00a0\u00bbboxed\u00a0\u00bb column=\u00a0\u00bb2&Prime; box_bg_color=\u00a0\u00bbrgba(237,215,213,0.18)\u00a0\u00bb box_border_color=\u00a0\u00bb#e5e5e5&Prime; count=\u00a0\u00bb4&Prime; name_color=\u00a0\u00bb#e2032f\u00a0\u00bb position_color=\u00a0\u00bb#000000&Prime; about_color=\u00a0\u00bb#999999&Prime; social_color=\u00a0\u00bb#e2032f\u00a0\u00bb][\/vc_column][\/vc_row][vc_row][vc_column][mk_padding_divider size=\u00a0\u00bb120&Prime;][\/vc_column][\/vc_row][mk_page_section bg_color=\u00a0\u00bb#e2032f\u00a0\u00bb full_width=\u00a0\u00bbtrue\u00a0\u00bb has_top_shape_divider=\u00a0\u00bbtrue\u00a0\u00bb top_shape_color=\u00a0\u00bb#ffffff\u00a0\u00bb top_shape_bg_color=\u00a0\u00bb#e2032f\u00a0\u00bb bottom_shape_color=\u00a0\u00bb#ffffff\u00a0\u00bb sidebar=\u00a0\u00bbsidebar-1&Prime;][vc_column width=\u00a0\u00bb2\/12&Prime;][\/vc_column][vc_column width=\u00a0\u00bb5\/12&Prime;][mk_padding_divider size=\u00a0\u00bb60&Prime;][mk_fancy_title tag_name=\u00a0\u00bbh3&Prime; color=\u00a0\u00bb#e2032f\u00a0\u00bb size=\u00a0\u00bb30&Prime; force_font_size=\u00a0\u00bbtrue\u00a0\u00bb size_tablet=\u00a0\u00bb20&Prime; size_phone=\u00a0\u00bb15&Prime; line_height=\u00a0\u00bb90&Prime; font_weight=\u00a0\u00bbbold\u00a0\u00bb txt_transform=\u00a0\u00bbcapitalize\u00a0\u00bb margin_bottom=\u00a0\u00bb0&Prime; font_family=\u00a0\u00bbLato\u00a0\u00bb font_type=\u00a0\u00bbgoogle\u00a0\u00bb align=\u00a0\u00bbcenter\u00a0\u00bb el_class=\u00a0\u00bbno-cap\u00a0\u00bb]<span style=\"color: #fde438;\">Questions?<\/span> <span style=\"color: #ffffff;\">Appelez-nous au : (514) 335-4070<\/span>[\/mk_fancy_title][\/vc_column][vc_column width=\u00a0\u00bb2\/12&Prime;][mk_padding_divider size=\u00a0\u00bb50&Prime;][mk_button dimension=\u00a0\u00bbflat\u00a0\u00bb size=\u00a0\u00bblarge\u00a0\u00bb url=\u00a0\u00bb\/fr\/contact-us\/\u00a0\u00bb margin_right=\u00a0\u00bb0&Prime; bg_color=\u00a0\u00bb#fde438&Prime; text_color=\u00a0\u00bbdark\u00a0\u00bb btn_hover_txt_color=\u00a0\u00bb#ed4622&Prime;]NOUS CONTACTER[\/mk_button][\/vc_column][vc_column width=\u00a0\u00bb3\/12&Prime;][\/vc_column][\/mk_page_section]\n","protected":false},"excerpt":{"rendered":"<p>[mk_page_section bg_image=\u00a0\u00bbhttp:\/\/eurols.com\/wp-content\/uploads\/2018\/06\/about-us.jpg\u00a0\u00bb bg_position=\u00a0\u00bbcenter center\u00a0\u00bb bg_repeat=\u00a0\u00bbno-repeat\u00a0\u00bb bg_stretch=\u00a0\u00bbtrue\u00a0\u00bb min_height=\u00a0\u00bb450&Prime; sidebar=\u00a0\u00bbsidebar-1&Prime;][vc_column][\/vc_column][\/mk_page_section][vc_row][vc_column][mk_padding_divider size=\u00a0\u00bb120&Prime;][\/vc_column][\/vc_row][vc_row][vc_column][mk_fancy_title color=\u00a0\u00bb#e2032f\u00a0\u00bb size=\u00a0\u00bb60&Prime; font_weight=\u00a0\u00bbbold\u00a0\u00bb txt_transform=\u00a0\u00bbcapitalize\u00a0\u00bb margin_bottom=\u00a0\u00bb0&Prime; font_family=\u00a0\u00bbLato\u00a0\u00bb font_type=\u00a0\u00bbgoogle\u00a0\u00bb align=\u00a0\u00bbcenter\u00a0\u00bb el_class=\u00a0\u00bbno-cap\u00a0\u00bb]\u00c0 propos d&rsquo;Euro L.S.[\/mk_fancy_title][mk_divider style=\u00a0\u00bbthin_solid\u00a0\u00bb divider_width=\u00a0\u00bbcustom_width\u00a0\u00bb custom_width=\u00a0\u00bb110&Prime; thin_single_color=\u00a0\u00bb#e2032f\u00a0\u00bb thickness=\u00a0\u00bb3&Prime; margin_top=\u00a0\u00bb10&Prime; margin_bottom=\u00a0\u00bb60&Prime;][vc_row_inner][vc_column_inner][vc_column_text css=\u00a0\u00bb.vc_custom_1519230659674{margin-bottom: 0px !important;}\u00a0\u00bb] Euro L.S. Les sp\u00e9cialistes des chariots \u00e9l\u00e9vateurs! Desservant la r\u00e9gion de Montr\u00e9al depuis 1989, Euro L.S. est une entreprise familiale qui se d\u00e9marque par [&hellip;]<\/p>\n","protected":false},"author":1,"featured_media":0,"parent":0,"menu_order":0,"comment_status":"closed","ping_status":"closed","template":"","meta":[],"_links":{"self":[{"href":"https:\/\/eurols.com\/fr\/wp-json\/wp\/v2\/pages\/1244"}],"collection":[{"href":"https:\/\/eurols.com\/fr\/wp-json\/wp\/v2\/pages"}],"about":[{"href":"https:\/\/eurols.com\/fr\/wp-json\/wp\/v2\/types\/page"}],"author":[{"embeddable":true,"href":"https:\/\/eurols.com\/fr\/wp-json\/wp\/v2\/users\/1"}],"replies":[{"embeddable":true,"href":"https:\/\/eurols.com\/fr\/wp-json\/wp\/v2\/comments?post=1244"}],"version-history":[{"count":13,"href":"https:\/\/eurols.com\/fr\/wp-json\/wp\/v2\/pages\/1244\/revisions"}],"predecessor-version":[{"id":1669,"href":"https:\/\/eurols.com\/fr\/wp-json\/wp\/v2\/pages\/1244\/revisions\/1669"}],"wp:attachment":[{"href":"https:\/\/eurols.com\/fr\/wp-json\/wp\/v2\/media?parent=1244"}],"curies":[{"name":"wp","href":"https:\/\/api.w.org\/{rel}","templated":true}]}}